{"id":1122,"date":"2025-10-01T15:23:57","date_gmt":"2025-10-01T12:23:57","guid":{"rendered":"https:\/\/piestatne.lv\/?page_id=1122"},"modified":"2025-10-01T16:20:08","modified_gmt":"2025-10-01T13:20:08","slug":"privatuma-politika","status":"publish","type":"page","link":"https:\/\/piestatne.lv\/ru\/privatuma-politika\/","title":{"rendered":"\u041f\u043e\u043b\u0438\u0442\u0438\u043a\u0430 \u043a\u043e\u043d\u0444\u0438\u0434\u0435\u043d\u0446\u0438\u0430\u043b\u044c\u043d\u043e\u0441\u0442\u0438"},"content":{"rendered":"<div data-elementor-type=\"wp-page\" data-elementor-id=\"1122\" class=\"elementor elementor-1122\">\n\t\t\t\t\t\t<section class=\"elementor-section elementor-top-section elementor-element elementor-element-ee660d1 elementor-section-boxed elementor-section-height-default elementor-section-height-default wpr-particle-no wpr-jarallax-no wpr-parallax-no wpr-sticky-section-no\" data-id=\"ee660d1\" data-element_type=\"section\">\n\t\t\t\t\t\t\t<div class=\"elementor-background-overlay\"><\/div>\n\t\t\t\t\t\t\t<div class=\"elementor-container elementor-column-gap-default\">\n\t\t\t\t\t<div class=\"elementor-column elementor-col-100 elementor-top-column elementor-element elementor-element-e8cb576\" data-id=\"e8cb576\" data-element_type=\"column\">\n\t\t\t<div class=\"elementor-widget-wrap elementor-element-populated\">\n\t\t\t\t\t\t<div class=\"elementor-element elementor-element-993cb39 elementor-widget elementor-widget-heading\" data-id=\"993cb39\" data-element_type=\"widget\" data-widget_type=\"heading.default\">\n\t\t\t\t<div class=\"elementor-widget-container\">\n\t\t\t\t\t<h2 class=\"elementor-heading-title elementor-size-default\">\u041f\u043e\u043b\u0438\u0442\u0438\u043a\u0430 \u043a\u043e\u043d\u0444\u0438\u0434\u0435\u043d\u0446\u0438\u0430\u043b\u044c\u043d\u043e\u0441\u0442\u0438<\/h2>\t\t\t\t<\/div>\n\t\t\t\t<\/div>\n\t\t\t\t<div class=\"elementor-element elementor-element-4186537 elementor-widget elementor-widget-text-editor\" data-id=\"4186537\" data-element_type=\"widget\" data-widget_type=\"text-editor.default\">\n\t\t\t\t<div class=\"elementor-widget-container\">\n\t\t\t\t\t\t\t\t\t<ol><li><b> \u041e\u0431\u0449\u0430\u044f \u0438\u043d\u0444\u043e\u0440\u043c\u0430\u0446\u0438\u044f<\/b><b><br \/><\/b><span style=\"font-weight: 400;\"> 1.1. \u041d\u0430\u0441\u0442\u043e\u044f\u0449\u0430\u044f \u043f\u043e\u043b\u0438\u0442\u0438\u043a\u0430 \u043a\u043e\u043d\u0444\u0438\u0434\u0435\u043d\u0446\u0438\u0430\u043b\u044c\u043d\u043e\u0441\u0442\u0438 \u043e\u043f\u0438\u0441\u044b\u0432\u0430\u0435\u0442, \u043a\u0430\u043a SIA Market Share (\u0434\u0430\u043b\u0435\u0435 - <\/span><i><span style=\"font-weight: 400;\">\u041f\u043e\u0441\u0442\u0430\u0432\u0449\u0438\u043a \u0443\u0441\u043b\u0443\u0433<\/span><\/i><span style=\"font-weight: 400;\">) \u043e\u0431\u0440\u0430\u0431\u0430\u0442\u044b\u0432\u0430\u0435\u0442 \u0438 \u0437\u0430\u0449\u0438\u0449\u0430\u0435\u0442 \u043f\u0435\u0440\u0441\u043e\u043d\u0430\u043b\u044c\u043d\u044b\u0435 \u0434\u0430\u043d\u043d\u044b\u0435, \u043f\u043e\u043b\u0443\u0447\u0435\u043d\u043d\u044b\u0435 \u0447\u0435\u0440\u0435\u0437 \u0441\u0438\u0441\u0442\u0435\u043c\u0443 \u0431\u0440\u043e\u043d\u0438\u0440\u043e\u0432\u0430\u043d\u0438\u044f \u0438 \u0432 \u043f\u0440\u043e\u0446\u0435\u0441\u0441\u0435 \u043f\u0440\u0435\u0434\u043e\u0441\u0442\u0430\u0432\u043b\u0435\u043d\u0438\u044f \u0443\u0441\u043b\u0443\u0433.<\/span><span style=\"font-weight: 400;\"><br \/><\/span><span style=\"font-weight: 400;\"> 1.2. \u041e\u0431\u0440\u0430\u0431\u043e\u0442\u043a\u0430 \u043f\u0435\u0440\u0441\u043e\u043d\u0430\u043b\u044c\u043d\u044b\u0445 \u0434\u0430\u043d\u043d\u044b\u0445 \u043e\u0441\u0443\u0449\u0435\u0441\u0442\u0432\u043b\u044f\u0435\u0442\u0441\u044f \u0432 \u0441\u043e\u043e\u0442\u0432\u0435\u0442\u0441\u0442\u0432\u0438\u0438 \u0441 \u041e\u0431\u0449\u0438\u043c \u0440\u0435\u0433\u043b\u0430\u043c\u0435\u043d\u0442\u043e\u043c \u043f\u043e \u0437\u0430\u0449\u0438\u0442\u0435 \u0434\u0430\u043d\u043d\u044b\u0445 \u0415\u0432\u0440\u043e\u043f\u0435\u0439\u0441\u043a\u043e\u0433\u043e \u0421\u043e\u044e\u0437\u0430 (GDPR) \u0438 \u043d\u043e\u0440\u043c\u0430\u0442\u0438\u0432\u043d\u044b\u043c\u0438 \u0430\u043a\u0442\u0430\u043c\u0438 \u041b\u0430\u0442\u0432\u0438\u0439\u0441\u043a\u043e\u0439 \u0420\u0435\u0441\u043f\u0443\u0431\u043b\u0438\u043a\u0438.<\/span><\/li><li><b> \u041e\u043f\u0435\u0440\u0430\u0442\u043e\u0440 \u0434\u0430\u043d\u043d\u044b\u0445 \u0438 \u043a\u043e\u043d\u0442\u0430\u043a\u0442\u043d\u0430\u044f \u0438\u043d\u0444\u043e\u0440\u043c\u0430\u0446\u0438\u044f<\/b><b><br \/><\/b><span style=\"font-weight: 400;\"> 2.1. \u041e\u043f\u0435\u0440\u0430\u0442\u043e\u0440 \u0434\u0430\u043d\u043d\u044b\u0445: SIA Market Share.<\/span><span style=\"font-weight: 400;\"><br \/><\/span><span style=\"font-weight: 400;\"> 2.2. \u0420\u0435\u0433\u0438\u0441\u0442\u0440\u0430\u0446\u0438\u043e\u043d\u043d\u044b\u0439 \u043d\u043e\u043c\u0435\u0440: 40103373965.<\/span><span style=\"font-weight: 400;\"><br \/><\/span><span style=\"font-weight: 400;\"> 2.3. \u042e\u0440\u0438\u0434\u0438\u0447\u0435\u0441\u043a\u0438\u0439 \u0430\u0434\u0440\u0435\u0441: Va\u013c\u0146u iela 4-5, \u0420\u0438\u0433\u0430, LV-1050, \u041b\u0430\u0442\u0432\u0438\u044f.<\/span><span style=\"font-weight: 400;\"><br \/><\/span><span style=\"font-weight: 400;\"> 2.4. \u041a\u043e\u043d\u0442\u0430\u043a\u0442\u044b \u043f\u043e \u0432\u043e\u043f\u0440\u043e\u0441\u0430\u043c \u043e\u0431\u0440\u0430\u0431\u043e\u0442\u043a\u0438 \u0434\u0430\u043d\u043d\u044b\u0445: info@piestatne.lv\n, +371-29269424. <\/span><a href=\"mailto:info@piestatne.lv\"><span style=\"font-weight: 400;\">info@piestatne.lv<\/span><\/a><span style=\"font-weight: 400;\">, +371-29269424.<\/span><\/li><li><b> \u041a\u0430\u0442\u0435\u0433\u043e\u0440\u0438\u0438 \u043e\u0431\u0440\u0430\u0431\u0430\u0442\u044b\u0432\u0430\u0435\u043c\u044b\u0445 \u043f\u0435\u0440\u0441\u043e\u043d\u0430\u043b\u044c\u043d\u044b\u0445 \u0434\u0430\u043d\u043d\u044b\u0445<\/b><b><br \/><\/b><span style=\"font-weight: 400;\"> 3.1. \u0414\u043b\u044f \u043e\u0441\u0443\u0449\u0435\u0441\u0442\u0432\u043b\u0435\u043d\u0438\u044f \u0431\u0440\u043e\u043d\u0438\u0440\u043e\u0432\u0430\u043d\u0438\u0439 \u043e\u0431\u0440\u0430\u0431\u0430\u0442\u044b\u0432\u0430\u044e\u0442\u0441\u044f \u0441\u043b\u0435\u0434\u0443\u044e\u0449\u0438\u0435 \u0434\u0430\u043d\u043d\u044b\u0435:<\/span><\/li><\/ol><ul><li style=\"font-weight: 400;\" aria-level=\"1\"><span style=\"font-weight: 400;\">\u0418\u043c\u044f, \u0444\u0430\u043c\u0438\u043b\u0438\u044f<\/span><\/li><li style=\"font-weight: 400;\" aria-level=\"1\"><span style=\"font-weight: 400;\">\u041d\u043e\u043c\u0435\u0440 \u0442\u0435\u043b\u0435\u0444\u043e\u043d\u0430<\/span><\/li><li style=\"font-weight: 400;\" aria-level=\"1\"><span style=\"font-weight: 400;\">\u0410\u0434\u0440\u0435\u0441 \u044d\u043b\u0435\u043a\u0442\u0440\u043e\u043d\u043d\u043e\u0439 \u043f\u043e\u0447\u0442\u044b<\/span><\/li><li style=\"font-weight: 400;\" aria-level=\"1\"><span style=\"font-weight: 400;\">\u0414\u0430\u043d\u043d\u044b\u0435 \u043e \u0431\u0440\u043e\u043d\u0438\u0440\u043e\u0432\u0430\u043d\u0438\u0438 \u0443\u0441\u043b\u0443\u0433\u0438 (\u0432\u0438\u0434 \u0443\u0441\u043b\u0443\u0433\u0438, \u0432\u0440\u0435\u043c\u044f, \u0446\u0435\u043d\u0430)<\/span><\/li><li style=\"font-weight: 400;\" aria-level=\"1\"><span style=\"font-weight: 400;\">\u041f\u043b\u0430\u0442\u0451\u0436\u043d\u0430\u044f \u0438\u043d\u0444\u043e\u0440\u043c\u0430\u0446\u0438\u044f (\u0432 \u0441\u043b\u0443\u0447\u0430\u0435 \u043e\u043d\u043b\u0430\u0439\u043d-\u043e\u043f\u043b\u0430\u0442\u044b \u0444\u0438\u043a\u0441\u0438\u0440\u0443\u0435\u0442\u0441\u044f \u0442\u043e\u043b\u044c\u043a\u043e \u0444\u0430\u043a\u0442 \u0442\u0440\u0430\u043d\u0437\u0430\u043a\u0446\u0438\u0438, \u043d\u043e \u043d\u0435 \u043f\u043e\u043b\u043d\u044b\u0435 \u0434\u0430\u043d\u043d\u044b\u0435 \u043a\u0430\u0440\u0442\u044b)<\/span><\/li><\/ul><p><span style=\"font-weight: 400;\">3.2. \u0412 \u043f\u0440\u043e\u0446\u0435\u0441\u0441\u0435 \u043e\u043a\u0430\u0437\u0430\u043d\u0438\u044f \u0443\u0441\u043b\u0443\u0433 \u043c\u043e\u0433\u0443\u0442 \u043e\u0431\u0440\u0430\u0431\u0430\u0442\u044b\u0432\u0430\u0442\u044c\u0441\u044f \u0438 \u0434\u0440\u0443\u0433\u0438\u0435 \u0434\u0430\u043d\u043d\u044b\u0435 (\u043d\u0430\u043f\u0440\u0438\u043c\u0435\u0440, \u0441\u043e\u0433\u043b\u0430\u0441\u0438\u0435 \u0441 \u0443\u0441\u043b\u043e\u0432\u0438\u044f\u043c\u0438, \u043a\u043e\u043c\u043c\u0443\u043d\u0438\u043a\u0430\u0446\u0438\u044f \u0441 \u043a\u043b\u0438\u0435\u043d\u0442\u043e\u043c).<\/span><\/p><ol start=\"4\"><li><b> \u0426\u0435\u043b\u0438 \u0438 \u043e\u0441\u043d\u043e\u0432\u0430\u043d\u0438\u044f \u043e\u0431\u0440\u0430\u0431\u043e\u0442\u043a\u0438 \u043f\u0435\u0440\u0441\u043e\u043d\u0430\u043b\u044c\u043d\u044b\u0445 \u0434\u0430\u043d\u043d\u044b\u0445<\/b><b><br \/><\/b><span style=\"font-weight: 400;\"> 4.1. \u0412\u044b\u043f\u043e\u043b\u043d\u0435\u043d\u0438\u0435 \u0431\u0440\u043e\u043d\u0438\u0440\u043e\u0432\u0430\u043d\u0438\u044f \u0438 \u043e\u043a\u0430\u0437\u0430\u043d\u0438\u0435 \u0443\u0441\u043b\u0443\u0433\u0438.<\/span><span style=\"font-weight: 400;\"><br \/><\/span><span style=\"font-weight: 400;\"> 4.2. \u0418\u043d\u0444\u043e\u0440\u043c\u0438\u0440\u043e\u0432\u0430\u043d\u0438\u0435 \u043a\u043b\u0438\u0435\u043d\u0442\u0430 \u043e \u0441\u0442\u0430\u0442\u0443\u0441\u0435 \u0431\u0440\u043e\u043d\u0438\u0440\u043e\u0432\u0430\u043d\u0438\u044f, \u0438\u0437\u043c\u0435\u043d\u0435\u043d\u0438\u044f\u0445 \u0438\u043b\u0438 \u043e\u0442\u043c\u0435\u043d\u0435.<\/span><span style=\"font-weight: 400;\"><br \/><\/span><span style=\"font-weight: 400;\"> 4.3. \u041e\u0431\u0435\u0441\u043f\u0435\u0447\u0435\u043d\u0438\u0435 \u0431\u0443\u0445\u0433\u0430\u043b\u0442\u0435\u0440\u0441\u043a\u043e\u0433\u043e \u0438 \u043d\u0430\u043b\u043e\u0433\u043e\u0432\u043e\u0433\u043e \u0443\u0447\u0451\u0442\u0430.<\/span><span style=\"font-weight: 400;\"><br \/><\/span><span style=\"font-weight: 400;\"> 4.4. \u0412\u044b\u043f\u043e\u043b\u043d\u0435\u043d\u0438\u0435 \u044e\u0440\u0438\u0434\u0438\u0447\u0435\u0441\u043a\u0438\u0445 \u043e\u0431\u044f\u0437\u0430\u043d\u043d\u043e\u0441\u0442\u0435\u0439 (\u043d\u0430\u043f\u0440\u0438\u043c\u0435\u0440, \u0445\u0440\u0430\u043d\u0435\u043d\u0438\u0435 \u0434\u0430\u043d\u043d\u044b\u0445 \u0432 \u0441\u043e\u043e\u0442\u0432\u0435\u0442\u0441\u0442\u0432\u0438\u0438 \u0441 \u0437\u0430\u043a\u043e\u043d\u043e\u043c).<\/span><span style=\"font-weight: 400;\"><br \/><\/span><span style=\"font-weight: 400;\"> 4.5. \u041f\u0440\u0438 \u043e\u0442\u0434\u0435\u043b\u044c\u043d\u043e\u043c \u0441\u043e\u0433\u043b\u0430\u0441\u0438\u0438 \u043a\u043b\u0438\u0435\u043d\u0442\u0430 \u2013 \u0440\u0430\u0441\u0441\u044b\u043b\u043a\u0430 \u0438\u043d\u0444\u043e\u0440\u043c\u0430\u0446\u0438\u0438 \u0438 \u043f\u0440\u0435\u0434\u043b\u043e\u0436\u0435\u043d\u0438\u0439 (\u043c\u0430\u0440\u043a\u0435\u0442\u0438\u043d\u0433\u043e\u0432\u0430\u044f \u043a\u043e\u043c\u043c\u0443\u043d\u0438\u043a\u0430\u0446\u0438\u044f).<\/span><\/li><li><b> \u0421\u0440\u043e\u043a \u0445\u0440\u0430\u043d\u0435\u043d\u0438\u044f \u0434\u0430\u043d\u043d\u044b\u0445<\/b><b><br \/><\/b><span style=\"font-weight: 400;\"> 5.1. \u041f\u0435\u0440\u0441\u043e\u043d\u0430\u043b\u044c\u043d\u044b\u0435 \u0434\u0430\u043d\u043d\u044b\u0435 \u0445\u0440\u0430\u043d\u044f\u0442\u0441\u044f \u0441\u0442\u043e\u043b\u044c\u043a\u043e, \u0441\u043a\u043e\u043b\u044c\u043a\u043e \u043d\u0435\u043e\u0431\u0445\u043e\u0434\u0438\u043c\u043e \u0434\u043b\u044f \u0434\u043e\u0441\u0442\u0438\u0436\u0435\u043d\u0438\u044f \u0446\u0435\u043b\u0435\u0439:<\/span><\/li><\/ol><ul><li style=\"font-weight: 400;\" aria-level=\"1\"><span style=\"font-weight: 400;\">\u0414\u043b\u044f \u0431\u0440\u043e\u043d\u0438\u0440\u043e\u0432\u0430\u043d\u0438\u044f \u0438 \u043e\u043a\u0430\u0437\u0430\u043d\u0438\u044f \u0443\u0441\u043b\u0443\u0433\u0438 \u2013 \u0434\u043e \u0438\u0441\u043f\u043e\u043b\u043d\u0435\u043d\u0438\u044f \u0443\u0441\u043b\u0443\u0433\u0438 + 2 \u0433\u043e\u0434\u0430.<\/span><\/li><li style=\"font-weight: 400;\" aria-level=\"1\"><span style=\"font-weight: 400;\">\u0414\u043b\u044f \u0431\u0443\u0445\u0433\u0430\u043b\u0442\u0435\u0440\u0441\u043a\u0438\u0445 \u0438 \u043d\u0430\u043b\u043e\u0433\u043e\u0432\u044b\u0445 \u0434\u043e\u043a\u0443\u043c\u0435\u043d\u0442\u043e\u0432 \u2013 \u0432 \u0441\u043e\u043e\u0442\u0432\u0435\u0442\u0441\u0442\u0432\u0438\u0438 \u0441 \u043d\u043e\u0440\u043c\u0430\u0442\u0438\u0432\u043d\u044b\u043c\u0438 \u0430\u043a\u0442\u0430\u043c\u0438 (\u043e\u0431\u044b\u0447\u043d\u043e 5\u201310 \u043b\u0435\u0442).<\/span><\/li><li style=\"font-weight: 400;\" aria-level=\"1\"><span style=\"font-weight: 400;\">\u0414\u043b\u044f \u043c\u0430\u0440\u043a\u0435\u0442\u0438\u043d\u0433\u043e\u0432\u044b\u0445 \u0440\u0430\u0441\u0441\u044b\u043b\u043e\u043a \u2013 \u0434\u043e \u043c\u043e\u043c\u0435\u043d\u0442\u0430 \u043e\u0442\u0437\u044b\u0432\u0430 \u0441\u043e\u0433\u043b\u0430\u0441\u0438\u044f.<\/span><span style=\"font-weight: 400;\"><br \/><br \/><\/span><\/li><\/ul><ol start=\"6\"><li><b> \u041f\u043e\u043b\u0443\u0447\u0430\u0442\u0435\u043b\u0438 \u0434\u0430\u043d\u043d\u044b\u0445 \u0438 \u043f\u0435\u0440\u0435\u0434\u0430\u0447\u0430 \u0442\u0440\u0435\u0442\u044c\u0438\u043c \u043b\u0438\u0446\u0430\u043c<\/b><b><br \/><\/b><span style=\"font-weight: 400;\"> 6.1. \u041f\u0435\u0440\u0441\u043e\u043d\u0430\u043b\u044c\u043d\u044b\u0435 \u0434\u0430\u043d\u043d\u044b\u0435 \u043c\u043e\u0433\u0443\u0442 \u043f\u0435\u0440\u0435\u0434\u0430\u0432\u0430\u0442\u044c\u0441\u044f:<\/span><\/li><\/ol><ul><li style=\"font-weight: 400;\" aria-level=\"1\"><span style=\"font-weight: 400;\">\u041f\u043e\u0441\u0442\u0430\u0432\u0449\u0438\u043a\u0430\u043c \u0431\u0443\u0445\u0433\u0430\u043b\u0442\u0435\u0440\u0441\u043a\u0438\u0445 \u0438 IT-\u0443\u0441\u043b\u0443\u0433 (\u0442\u043e\u043b\u044c\u043a\u043e \u0434\u043b\u044f \u0446\u0435\u043b\u0435\u0439 \u043e\u0431\u0440\u0430\u0431\u043e\u0442\u043a\u0438).<\/span><\/li><li style=\"font-weight: 400;\" aria-level=\"1\"><span style=\"font-weight: 400;\">\u041f\u043e\u0441\u0442\u0430\u0432\u0449\u0438\u043a\u0430\u043c \u043f\u043b\u0430\u0442\u0451\u0436\u043d\u044b\u0445 \u0443\u0441\u043b\u0443\u0433 (\u0432 \u0441\u043b\u0443\u0447\u0430\u0435 \u043e\u043d\u043b\u0430\u0439\u043d-\u043e\u043f\u043b\u0430\u0442\u044b).<\/span><\/li><li style=\"font-weight: 400;\" aria-level=\"1\"><span style=\"font-weight: 400;\">\u0413\u043e\u0441\u0443\u0434\u0430\u0440\u0441\u0442\u0432\u0435\u043d\u043d\u044b\u043c \u0443\u0447\u0440\u0435\u0436\u0434\u0435\u043d\u0438\u044f\u043c, \u0435\u0441\u043b\u0438 \u044d\u0442\u043e\u0433\u043e \u0442\u0440\u0435\u0431\u0443\u0435\u0442 \u0437\u0430\u043a\u043e\u043d.<\/span><\/li><\/ul><p><span style=\"font-weight: 400;\">6.2. \u041f\u0435\u0440\u0441\u043e\u043d\u0430\u043b\u044c\u043d\u044b\u0435 \u0434\u0430\u043d\u043d\u044b\u0435 \u043d\u0435 \u043f\u0435\u0440\u0435\u0434\u0430\u044e\u0442\u0441\u044f \u0442\u0440\u0435\u0442\u044c\u0438\u043c \u043b\u0438\u0446\u0430\u043c \u0432 \u043a\u043e\u043c\u043c\u0435\u0440\u0447\u0435\u0441\u043a\u0438\u0445 \u0446\u0435\u043b\u044f\u0445.<\/span><\/p><ol start=\"7\"><li><b> \u041f\u0440\u0430\u0432\u0430 \u0441\u0443\u0431\u044a\u0435\u043a\u0442\u0430 \u0434\u0430\u043d\u043d\u044b\u0445<\/b><b><br \/><\/b><span style=\"font-weight: 400;\"> \u041a\u043b\u0438\u0435\u043d\u0442 \u0438\u043c\u0435\u0435\u0442 \u043f\u0440\u0430\u0432\u043e:<\/span><\/li><\/ol><ul><li style=\"font-weight: 400;\" aria-level=\"1\"><span style=\"font-weight: 400;\">\u041f\u043e\u043b\u0443\u0447\u0430\u0442\u044c \u0438\u043d\u0444\u043e\u0440\u043c\u0430\u0446\u0438\u044e \u043e \u0441\u0432\u043e\u0438\u0445 \u0434\u0430\u043d\u043d\u044b\u0445 \u0438 \u0438\u0445 \u043e\u0431\u0440\u0430\u0431\u043e\u0442\u043a\u0435.<\/span><\/li><li style=\"font-weight: 400;\" aria-level=\"1\"><span style=\"font-weight: 400;\">\u0422\u0440\u0435\u0431\u043e\u0432\u0430\u0442\u044c \u0438\u0441\u043f\u0440\u0430\u0432\u043b\u0435\u043d\u0438\u044f \u0438\u043b\u0438 \u0443\u0434\u0430\u043b\u0435\u043d\u0438\u044f \u0434\u0430\u043d\u043d\u044b\u0445.<\/span><\/li><li style=\"font-weight: 400;\" aria-level=\"1\"><span style=\"font-weight: 400;\">\u041e\u0433\u0440\u0430\u043d\u0438\u0447\u0438\u0442\u044c \u043e\u0431\u0440\u0430\u0431\u043e\u0442\u043a\u0443 \u0434\u0430\u043d\u043d\u044b\u0445 \u0432 \u043e\u043f\u0440\u0435\u0434\u0435\u043b\u0451\u043d\u043d\u044b\u0445 \u0441\u043b\u0443\u0447\u0430\u044f\u0445.<\/span><\/li><li style=\"font-weight: 400;\" aria-level=\"1\"><span style=\"font-weight: 400;\">\u041f\u0435\u0440\u0435\u043d\u043e\u0441\u0438\u0442\u044c \u0441\u0432\u043e\u0438 \u0434\u0430\u043d\u043d\u044b\u0435 \u0434\u0440\u0443\u0433\u043e\u043c\u0443 \u043f\u043e\u0441\u0442\u0430\u0432\u0449\u0438\u043a\u0443 \u0443\u0441\u043b\u0443\u0433.<\/span><\/li><li style=\"font-weight: 400;\" aria-level=\"1\"><span style=\"font-weight: 400;\">\u041e\u0442\u043e\u0437\u0432\u0430\u0442\u044c \u0441\u043e\u0433\u043b\u0430\u0441\u0438\u0435 \u043d\u0430 \u043c\u0430\u0440\u043a\u0435\u0442\u0438\u043d\u0433 \u0432 \u043b\u044e\u0431\u043e\u0435 \u0432\u0440\u0435\u043c\u044f.<\/span><\/li><li style=\"font-weight: 400;\" aria-level=\"1\"><span style=\"font-weight: 400;\">\u041f\u043e\u0434\u0430\u0442\u044c \u0436\u0430\u043b\u043e\u0431\u0443 \u0432 \u0418\u043d\u0441\u043f\u0435\u043a\u0446\u0438\u044e \u043f\u043e \u0437\u0430\u0449\u0438\u0442\u0435 \u0434\u0430\u043d\u043d\u044b\u0445, \u0435\u0441\u043b\u0438 \u043f\u0440\u0430\u0432\u0430 \u043d\u0430\u0440\u0443\u0448\u0435\u043d\u044b.<\/span><\/li><\/ul><ol start=\"8\"><li><b> \u0411\u0435\u0437\u043e\u043f\u0430\u0441\u043d\u043e\u0441\u0442\u044c<\/b><b><br \/><\/b><span style=\"font-weight: 400;\"> 8.1. \u041f\u043e\u0441\u0442\u0430\u0432\u0449\u0438\u043a \u0443\u0441\u043b\u0443\u0433 \u0432\u043d\u0435\u0434\u0440\u044f\u0435\u0442 \u0441\u043e\u043e\u0442\u0432\u0435\u0442\u0441\u0442\u0432\u0443\u044e\u0449\u0438\u0435 \u0442\u0435\u0445\u043d\u0438\u0447\u0435\u0441\u043a\u0438\u0435 \u0438 \u043e\u0440\u0433\u0430\u043d\u0438\u0437\u0430\u0446\u0438\u043e\u043d\u043d\u044b\u0435 \u043c\u0435\u0440\u044b \u0434\u043b\u044f \u0437\u0430\u0449\u0438\u0442\u044b \u043f\u0435\u0440\u0441\u043e\u043d\u0430\u043b\u044c\u043d\u044b\u0445 \u0434\u0430\u043d\u043d\u044b\u0445 \u043e\u0442 \u043d\u0435\u0441\u0430\u043d\u043a\u0446\u0438\u043e\u043d\u0438\u0440\u043e\u0432\u0430\u043d\u043d\u043e\u0433\u043e \u0434\u043e\u0441\u0442\u0443\u043f\u0430, \u0440\u0430\u0437\u0433\u043b\u0430\u0448\u0435\u043d\u0438\u044f, \u0438\u0437\u043c\u0435\u043d\u0435\u043d\u0438\u044f \u0438\u043b\u0438 \u0443\u043d\u0438\u0447\u0442\u043e\u0436\u0435\u043d\u0438\u044f.<\/span><\/li><li><b> \u0418\u0441\u043f\u043e\u043b\u044c\u0437\u043e\u0432\u0430\u043d\u0438\u0435 \u0444\u0430\u0439\u043b\u043e\u0432 cookie<\/b><b><br \/><\/b><span style=\"font-weight: 400;\"> 9.1. \u041d\u0430 \u0441\u0430\u0439\u0442\u0435 \u043c\u043e\u0433\u0443\u0442 \u0438\u0441\u043f\u043e\u043b\u044c\u0437\u043e\u0432\u0430\u0442\u044c\u0441\u044f \u0444\u0430\u0439\u043b\u044b cookie \u0434\u043b\u044f \u0443\u0434\u043e\u0431\u0441\u0442\u0432\u0430 \u0438\u0441\u043f\u043e\u043b\u044c\u0437\u043e\u0432\u0430\u043d\u0438\u044f \u0438 \u0430\u043d\u0430\u043b\u0438\u0437\u0430 \u0441\u0442\u0430\u0442\u0438\u0441\u0442\u0438\u043a\u0438 \u043f\u043e\u0441\u0435\u0449\u0435\u043d\u0438\u0439.<\/span><span style=\"font-weight: 400;\"><br \/><\/span><span style=\"font-weight: 400;\"> 9.2. \u041f\u043e\u043b\u044c\u0437\u043e\u0432\u0430\u0442\u0435\u043b\u044c \u043c\u043e\u0436\u0435\u0442 \u0432 \u043b\u044e\u0431\u043e\u0439 \u043c\u043e\u043c\u0435\u043d\u0442 \u0438\u0437\u043c\u0435\u043d\u0438\u0442\u044c \u043d\u0430\u0441\u0442\u0440\u043e\u0439\u043a\u0438 cookie \u0432 \u0441\u0432\u043e\u0451\u043c \u0431\u0440\u0430\u0443\u0437\u0435\u0440\u0435.<\/span><\/li><\/ol><p><b>10. \u0418\u0437\u043c\u0435\u043d\u0435\u043d\u0438\u044f \u043f\u043e\u043b\u0438\u0442\u0438\u043a\u0438<\/b><b><br \/><\/b><span style=\"font-weight: 400;\"> 10.1. \u041f\u043e\u0441\u0442\u0430\u0432\u0449\u0438\u043a \u0443\u0441\u043b\u0443\u0433 \u043e\u0441\u0442\u0430\u0432\u043b\u044f\u0435\u0442 \u0437\u0430 \u0441\u043e\u0431\u043e\u0439 \u043f\u0440\u0430\u0432\u043e \u0438\u0437\u043c\u0435\u043d\u044f\u0442\u044c \u0434\u0430\u043d\u043d\u0443\u044e \u043f\u043e\u043b\u0438\u0442\u0438\u043a\u0443 \u043a\u043e\u043d\u0444\u0438\u0434\u0435\u043d\u0446\u0438\u0430\u043b\u044c\u043d\u043e\u0441\u0442\u0438, \u043f\u0443\u0431\u043b\u0438\u043a\u0443\u044f \u0430\u043a\u0442\u0443\u0430\u043b\u044c\u043d\u0443\u044e \u0432\u0435\u0440\u0441\u0438\u044e \u043d\u0430 \u0441\u0432\u043e\u0451\u043c \u0441\u0430\u0439\u0442\u0435.<\/span><span style=\"font-weight: 400;\"><br \/><\/span><span style=\"font-weight: 400;\"> 10.2. \u0410\u043a\u0442\u0443\u0430\u043b\u044c\u043d\u0430\u044f \u0432\u0435\u0440\u0441\u0438\u044f \u0432\u0441\u0442\u0443\u043f\u0430\u0435\u0442 \u0432 \u0441\u0438\u043b\u0443 \u0441 \u043c\u043e\u043c\u0435\u043d\u0442\u0430 \u043f\u0443\u0431\u043b\u0438\u043a\u0430\u0446\u0438\u0438.<\/span><\/p>\t\t\t\t\t\t\t\t<\/div>\n\t\t\t\t<\/div>\n\t\t\t\t\t<\/div>\n\t\t<\/div>\n\t\t\t\t\t<\/div>\n\t\t<\/section>\n\t\t\t\t<\/div>","protected":false},"excerpt":{"rendered":"<p>Priv\u0101tuma politika Visp\u0101r\u012bga inform\u0101cija 1.1. \u0160\u012b priv\u0101tuma politika apraksta, k\u0101 SIA Market Share (turpm\u0101k \u2013 Pakalpojumu sniedz\u0113js) apstr\u0101d\u0101 un aizsarg\u0101 personas datus, kas ieg\u016bti, izmantojot rezerv\u0101cijas sist\u0113mu un pakalpojumu snieg\u0161anas laik\u0101. 1.2. Personas datu apstr\u0101de notiek saska\u0146\u0101 ar Eiropas Savien\u012bbas Visp\u0101r\u012bgo datu aizsardz\u012bbas regulu (GDPR) un Latvijas Republikas normat\u012bvajiem aktiem. Datu p\u0101rzinis un kontaktinform\u0101cija 2.1. Datu p\u0101rzinis: SIA Market Share. 2.2. Re\u0123istr\u0101cijas numurs: 40103373965. 2.3. Juridisk\u0101 adrese: Va\u013c\u0146u iela 4-5, R\u012bga, LV-1050, Latvija. 2.4. Kontakti jaut\u0101jumiem par datu apstr\u0101di: info@piestatne.lv, +371-29269424. Apstr\u0101d\u0101to personas datu kategorijas 3.1. Rezerv\u0101ciju veik\u0161anai tiek apstr\u0101d\u0101ti \u0161\u0101di dati: V\u0101rds, uzv\u0101rds T\u0101lru\u0146a numurs E-pasta adrese Pakalpojuma rezerv\u0101cijas dati (pakalpojuma veids, laiks, cena) Apmaksas inform\u0101cija (ja tiek veikta tie\u0161saistes apmaksa, tikai transakcijas fakts, nevis pilni kartes dati) 3.2. Pakalpojumu snieg\u0161anas laik\u0101 var tikt apstr\u0101d\u0101ti ar\u012b citi dati (piem\u0113ram, piekri\u0161ana noteikumiem, komunik\u0101cija ar klientu). Personas datu apstr\u0101des m\u0113r\u0137i un pamats 4.1. Rezerv\u0101cijas izpilde un pakalpojuma snieg\u0161ana. 4.2. Klientu inform\u0113\u0161ana par rezerv\u0101cijas statusu, izmai\u0146\u0101m vai atcel\u0161anu. 4.3. Gr\u0101matved\u012bbas un nodok\u013cu uzskaites nodro\u0161in\u0101\u0161ana. 4.4. Juridisko pien\u0101kumu izpilde (piem., datu uzglab\u0101\u0161ana atbilsto\u0161i likumam). 4.5. Ar klienta atsevi\u0161\u0137u piekri\u0161anu \u2013 inform\u0101cijas un pied\u0101v\u0101jumu nos\u016bt\u012b\u0161ana (m\u0101rketinga komunik\u0101cija). Datu uzglab\u0101\u0161anas termi\u0146\u0161 5.1. Personas dati tiek glab\u0101ti tik ilgi, cik nepiecie\u0161ams m\u0113r\u0137a sasnieg\u0161anai: Rezerv\u0101cijas un pakalpojuma nodro\u0161in\u0101\u0161anai \u2013 l\u012bdz pakalpojuma izpildei + 2 gadi. Gr\u0101matved\u012bbas un nodok\u013cu uzskaites dokumentiem \u2013 atbilsto\u0161i normat\u012bvajiem aktiem (parasti 5\u201310 gadi). M\u0101rketinga s\u016bt\u012bjumiem \u2013 l\u012bdz piekri\u0161anas atsauk\u0161anai. Datu sa\u0146\u0113m\u0113ji un nodo\u0161ana tre\u0161aj\u0101m pus\u0113m 6.1. Personas dati var tikt nodoti: Gr\u0101matved\u012bbas un IT pakalpojumu sniedz\u0113jiem (tikai apstr\u0101des nol\u016bkiem). Maks\u0101jumu pakalpojumu sniedz\u0113jiem (ja izmantota tie\u0161saistes apmaksa). Valsts instit\u016bcij\u0101m, ja to prasa likums. 6.2. Personas dati netiek nodoti tre\u0161aj\u0101m person\u0101m komerci\u0101liem m\u0113r\u0137iem. Datu subjekta ties\u012bbas Klientam ir ties\u012bbas: Sa\u0146emt inform\u0101ciju par saviem datiem un to apstr\u0101di. Piepras\u012bt datu labo\u0161anu vai dz\u0113\u0161anu. Ierobe\u017eot datu apstr\u0101di noteiktos gad\u012bjumos. P\u0101rcelt savus datus citam pakalpojumu sniedz\u0113jam. Atsaukt piekri\u0161anu m\u0101rketingam jebkur\u0101 br\u012bd\u012b. Iesniegt s\u016bdz\u012bbu Datu valsts inspekcij\u0101, ja tiek uzskat\u012bts, ka tiek p\u0101rk\u0101ptas ties\u012bbas. Dro\u0161\u012bba 8.1. Pakalpojumu sniedz\u0113js ievie\u0161 atbilsto\u0161us tehniskus un organizatoriskus pas\u0101kumus, lai aizsarg\u0101tu personas datus no nesankcion\u0113tas piek\u013cuves, izpau\u0161anas, izmai\u0146\u0101m vai izn\u012bcin\u0101\u0161anas. S\u012bkdat\u0146u (cookies) izmanto\u0161ana 9.1. M\u0101jaslap\u0101 var tikt izmantotas s\u012bkdatnes, lai nodro\u0161in\u0101tu \u0113rt\u0101ku lieto\u0161anu un analiz\u0113tu apmekl\u0113juma statistiku. 9.2. Lietot\u0101js var jebkur\u0101 br\u012bd\u012b main\u012bt s\u012bkdat\u0146u iestat\u012bjumus sav\u0101 p\u0101rl\u016bkprogramm\u0101. 10. Politikas izmai\u0146as 10.1. Pakalpojumu sniedz\u0113js patur ties\u012bbas main\u012bt \u0161o priv\u0101tuma politiku, public\u0113jot aktu\u0101lo versiju sav\u0101 m\u0101jaslap\u0101. 10.2. Aktu\u0101l\u0101 versija st\u0101jas sp\u0113k\u0101 no public\u0113\u0161anas br\u012b\u017ea.<\/p>","protected":false},"author":1,"featured_media":0,"parent":0,"menu_order":0,"comment_status":"closed","ping_status":"closed","template":"elementor_canvas","meta":{"_joinchat":[],"footnotes":""},"class_list":["post-1122","page","type-page","status-publish","hentry"],"_links":{"self":[{"href":"https:\/\/piestatne.lv\/ru\/wp-json\/wp\/v2\/pages\/1122","targetHints":{"allow":["GET"]}}],"collection":[{"href":"https:\/\/piestatne.lv\/ru\/wp-json\/wp\/v2\/pages"}],"about":[{"href":"https:\/\/piestatne.lv\/ru\/wp-json\/wp\/v2\/types\/page"}],"author":[{"embeddable":true,"href":"https:\/\/piestatne.lv\/ru\/wp-json\/wp\/v2\/users\/1"}],"replies":[{"embeddable":true,"href":"https:\/\/piestatne.lv\/ru\/wp-json\/wp\/v2\/comments?post=1122"}],"version-history":[{"count":13,"href":"https:\/\/piestatne.lv\/ru\/wp-json\/wp\/v2\/pages\/1122\/revisions"}],"predecessor-version":[{"id":1149,"href":"https:\/\/piestatne.lv\/ru\/wp-json\/wp\/v2\/pages\/1122\/revisions\/1149"}],"wp:attachment":[{"href":"https:\/\/piestatne.lv\/ru\/wp-json\/wp\/v2\/media?parent=1122"}],"curies":[{"name":"wp","href":"https:\/\/api.w.org\/{rel}","templated":true}]}}