{"id":1130,"date":"2025-10-01T15:31:08","date_gmt":"2025-10-01T12:31:08","guid":{"rendered":"https:\/\/piestatne.lv\/?page_id=1130"},"modified":"2025-10-01T15:32:43","modified_gmt":"2025-10-01T12:32:43","slug":"nomas-un-rezervacijas-noteikumi","status":"publish","type":"page","link":"https:\/\/piestatne.lv\/ru\/nomas-un-rezervacijas-noteikumi\/","title":{"rendered":"\u0423\u0441\u043b\u043e\u0432\u0438\u044f \u0430\u0440\u0435\u043d\u0434\u044b \u0438 \u0431\u0440\u043e\u043d\u0438\u0440\u043e\u0432\u0430\u043d\u0438\u044f"},"content":{"rendered":"<div data-elementor-type=\"wp-page\" data-elementor-id=\"1130\" class=\"elementor elementor-1130\">\n\t\t\t\t\t\t<section class=\"elementor-section elementor-top-section elementor-element elementor-element-ee660d1 elementor-section-boxed elementor-section-height-default elementor-section-height-default wpr-particle-no wpr-jarallax-no wpr-parallax-no wpr-sticky-section-no\" data-id=\"ee660d1\" data-element_type=\"section\">\n\t\t\t\t\t\t\t<div class=\"elementor-background-overlay\"><\/div>\n\t\t\t\t\t\t\t<div class=\"elementor-container elementor-column-gap-default\">\n\t\t\t\t\t<div class=\"elementor-column elementor-col-100 elementor-top-column elementor-element elementor-element-e8cb576\" data-id=\"e8cb576\" data-element_type=\"column\">\n\t\t\t<div class=\"elementor-widget-wrap elementor-element-populated\">\n\t\t\t\t\t\t<div class=\"elementor-element elementor-element-993cb39 elementor-widget elementor-widget-heading\" data-id=\"993cb39\" data-element_type=\"widget\" data-widget_type=\"heading.default\">\n\t\t\t\t<div class=\"elementor-widget-container\">\n\t\t\t\t\t<h2 class=\"elementor-heading-title elementor-size-default\">\u0423\u0441\u043b\u043e\u0432\u0438\u044f \u0430\u0440\u0435\u043d\u0434\u044b \u0438 \u0431\u0440\u043e\u043d\u0438\u0440\u043e\u0432\u0430\u043d\u0438\u044f<\/h2>\t\t\t\t<\/div>\n\t\t\t\t<\/div>\n\t\t\t\t<div class=\"elementor-element elementor-element-4186537 elementor-widget elementor-widget-text-editor\" data-id=\"4186537\" data-element_type=\"widget\" data-widget_type=\"text-editor.default\">\n\t\t\t\t<div class=\"elementor-widget-container\">\n\t\t\t\t\t\t\t\t\t<ol><li><b> \u041e\u0431\u0449\u0438\u0435 \u043f\u043e\u043b\u043e\u0436\u0435\u043d\u0438\u044f<\/b><b><br \/><\/b><span style=\"font-weight: 400;\"> 1.1. \u0411\u0440\u043e\u043d\u0438\u0440\u0443\u044f \u0443\u0441\u043b\u0443\u0433\u0443, \u043a\u043b\u0438\u0435\u043d\u0442 \u043f\u043e\u0434\u0442\u0432\u0435\u0440\u0436\u0434\u0430\u0435\u0442, \u0447\u0442\u043e \u043e\u0437\u043d\u0430\u043a\u043e\u043c\u0438\u043b\u0441\u044f \u0441 \u0434\u0430\u043d\u043d\u044b\u043c\u0438 \u043f\u0440\u0430\u0432\u0438\u043b\u0430\u043c\u0438 \u0438 \u043f\u0440\u0438\u043d\u0438\u043c\u0430\u0435\u0442 \u0438\u0445.<\/span><span style=\"font-weight: 400;\"><br \/><\/span><span style=\"font-weight: 400;\"> 1.2. \u041f\u043e\u0441\u0442\u0430\u0432\u0449\u0438\u043a \u0443\u0441\u043b\u0443\u0433 \u043e\u0431\u0435\u0441\u043f\u0435\u0447\u0438\u0432\u0430\u0435\u0442 \u043f\u0440\u0435\u0434\u043e\u0441\u0442\u0430\u0432\u043b\u0435\u043d\u0438\u0435 \u0437\u0430\u0431\u0440\u043e\u043d\u0438\u0440\u043e\u0432\u0430\u043d\u043d\u043e\u0433\u043e \u0438\u043d\u0432\u0435\u043d\u0442\u0430\u0440\u044f\/\u0443\u0441\u043b\u0443\u0433\u0438 \u0432 \u0441\u043e\u0433\u043b\u0430\u0441\u043e\u0432\u0430\u043d\u043d\u043e\u0435 \u0432\u0440\u0435\u043c\u044f \u0438 \u043c\u0435\u0441\u0442\u043e.<\/span><span style=\"font-weight: 400;\"><br \/><\/span><span style=\"font-weight: 400;\"> 1.3. \u0423\u0441\u043b\u0443\u0433\u0430\u043c\u0438 \u043c\u043e\u0433\u0443\u0442 \u043f\u043e\u043b\u044c\u0437\u043e\u0432\u0430\u0442\u044c\u0441\u044f \u0442\u043e\u043b\u044c\u043a\u043e \u0441\u043e\u0432\u0435\u0440\u0448\u0435\u043d\u043d\u043e\u043b\u0435\u0442\u043d\u0438\u0435 \u043b\u0438\u0446\u0430 \u043b\u0438\u0431\u043e \u043d\u0435\u0441\u043e\u0432\u0435\u0440\u0448\u0435\u043d\u043d\u043e\u043b\u0435\u0442\u043d\u0438\u0435 \u0432 \u043f\u0440\u0438\u0441\u0443\u0442\u0441\u0442\u0432\u0438\u0438 \u0440\u043e\u0434\u0438\u0442\u0435\u043b\u0435\u0439\/\u043e\u043f\u0435\u043a\u0443\u043d\u043e\u0432.<\/span><\/li><li><b> \u0411\u0440\u043e\u043d\u0438\u0440\u043e\u0432\u0430\u043d\u0438\u0435 \u0438 \u043e\u043f\u043b\u0430\u0442\u0430<\/b><b><br \/><\/b><span style=\"font-weight: 400;\"> 2.1. \u0411\u0440\u043e\u043d\u0438\u0440\u043e\u0432\u0430\u043d\u0438\u0435 \u0432\u0441\u0442\u0443\u043f\u0430\u0435\u0442 \u0432 \u0441\u0438\u043b\u0443 \u0442\u043e\u043b\u044c\u043a\u043e \u043f\u043e\u0441\u043b\u0435 \u043e\u0441\u0443\u0449\u0435\u0441\u0442\u0432\u043b\u0435\u043d\u0438\u044f \u043e\u043f\u043b\u0430\u0442\u044b.<\/span><span style=\"font-weight: 400;\"><br \/><\/span><span style=\"font-weight: 400;\"> 2.2. \u041a\u043b\u0438\u0435\u043d\u0442 \u043e\u0431\u044f\u0437\u0430\u043d \u043f\u0440\u0438\u0431\u044b\u0442\u044c \u043a\u0430\u043a \u043c\u0438\u043d\u0438\u043c\u0443\u043c \u0437\u0430 10 \u043c\u0438\u043d\u0443\u0442 \u0434\u043e \u043d\u0430\u0447\u0430\u043b\u0430 \u0431\u0440\u043e\u043d\u0438\u0440\u043e\u0432\u0430\u043d\u0438\u044f.<\/span><span style=\"font-weight: 400;\"><br \/><\/span><span style=\"font-weight: 400;\"> 2.3. \u0412 \u0441\u043b\u0443\u0447\u0430\u0435 \u043e\u043f\u043e\u0437\u0434\u0430\u043d\u0438\u044f \u0431\u043e\u043b\u0435\u0435 \u0447\u0435\u043c \u043d\u0430 15 \u043c\u0438\u043d\u0443\u0442 \u043f\u043e\u0441\u0442\u0430\u0432\u0449\u0438\u043a \u0443\u0441\u043b\u0443\u0433 \u043e\u0441\u0442\u0430\u0432\u043b\u044f\u0435\u0442 \u0437\u0430 \u0441\u043e\u0431\u043e\u0439 \u043f\u0440\u0430\u0432\u043e \u0430\u043d\u043d\u0443\u043b\u0438\u0440\u043e\u0432\u0430\u0442\u044c \u0443\u0441\u043b\u0443\u0433\u0443 \u0431\u0435\u0437 \u043a\u043e\u043c\u043f\u0435\u043d\u0441\u0430\u0446\u0438\u0438.<\/span><\/li><li><b> \u041e\u0442\u043c\u0435\u043d\u0430 \u0438 \u0438\u0437\u043c\u0435\u043d\u0435\u043d\u0438\u044f<\/b><b><br \/><\/b><span style=\"font-weight: 400;\"> 3.1. \u0411\u0440\u043e\u043d\u0438\u0440\u043e\u0432\u0430\u043d\u0438\u0435 \u043c\u043e\u0436\u043d\u043e \u043e\u0442\u043c\u0435\u043d\u0438\u0442\u044c \u0438\u043b\u0438 \u0438\u0437\u043c\u0435\u043d\u0438\u0442\u044c \u043d\u0435 \u043f\u043e\u0437\u0434\u043d\u0435\u0435 \u0447\u0435\u043c \u0437\u0430 24 \u0447\u0430\u0441\u0430 \u0434\u043e \u043d\u0430\u0437\u043d\u0430\u0447\u0435\u043d\u043d\u043e\u0433\u043e \u0432\u0440\u0435\u043c\u0435\u043d\u0438, \u043f\u043e\u043b\u0443\u0447\u0438\u0432 \u043f\u043e\u043b\u043d\u044b\u0439 \u0432\u043e\u0437\u0432\u0440\u0430\u0442 \u0438\u043b\u0438 \u0432\u043e\u0437\u043c\u043e\u0436\u043d\u043e\u0441\u0442\u044c \u043f\u0435\u0440\u0435\u043d\u043e\u0441\u0430.<\/span><span style=\"font-weight: 400;\"><br \/><\/span><span style=\"font-weight: 400;\"> 3.2. \u041f\u0440\u0438 \u043e\u0442\u043c\u0435\u043d\u0435 \u043c\u0435\u043d\u0435\u0435 \u0447\u0435\u043c \u0437\u0430 24 \u0447\u0430\u0441\u0430 \u0434\u043e \u0431\u0440\u043e\u043d\u0438\u0440\u043e\u0432\u0430\u043d\u0438\u044f \u0432\u043d\u0435\u0441\u0451\u043d\u043d\u0430\u044f \u0441\u0443\u043c\u043c\u0430 \u043d\u0435 \u0432\u043e\u0437\u0432\u0440\u0430\u0449\u0430\u0435\u0442\u0441\u044f.<\/span><span style=\"font-weight: 400;\"><br \/><\/span><span style=\"font-weight: 400;\"> 3.3. \u041f\u043e\u0441\u0442\u0430\u0432\u0449\u0438\u043a \u0443\u0441\u043b\u0443\u0433 \u043e\u0441\u0442\u0430\u0432\u043b\u044f\u0435\u0442 \u0437\u0430 \u0441\u043e\u0431\u043e\u0439 \u043f\u0440\u0430\u0432\u043e \u043e\u0442\u043c\u0435\u043d\u0438\u0442\u044c \u0431\u0440\u043e\u043d\u0438\u0440\u043e\u0432\u0430\u043d\u0438\u0435 \u043f\u043e \u0447\u0440\u0435\u0437\u0432\u044b\u0447\u0430\u0439\u043d\u044b\u043c \u043e\u0431\u0441\u0442\u043e\u044f\u0442\u0435\u043b\u044c\u0441\u0442\u0432\u0430\u043c (\u043f\u043e\u0433\u043e\u0434\u043d\u044b\u0435 \u0443\u0441\u043b\u043e\u0432\u0438\u044f, \u0442\u0435\u0445\u043d\u0438\u0447\u0435\u0441\u043a\u0438\u0435 \u043d\u0435\u0438\u0441\u043f\u0440\u0430\u0432\u043d\u043e\u0441\u0442\u0438 \u0438 \u0434\u0440.), \u043f\u0440\u0435\u0434\u043b\u043e\u0436\u0438\u0432 \u043f\u0435\u0440\u0435\u043d\u043e\u0441 \u0438\u043b\u0438 \u043f\u043e\u043b\u043d\u044b\u0439 \u0432\u043e\u0437\u0432\u0440\u0430\u0442.<\/span><\/li><li><b> \u0411\u0435\u0437\u043e\u043f\u0430\u0441\u043d\u043e\u0441\u0442\u044c \u0438 \u043e\u0442\u0432\u0435\u0442\u0441\u0442\u0432\u0435\u043d\u043d\u043e\u0441\u0442\u044c<\/b><b><br \/><\/b><span style=\"font-weight: 400;\"> 4.1. \u041a\u043b\u0438\u0435\u043d\u0442 \u043e\u0431\u044f\u0437\u0430\u043d \u0441\u043e\u0431\u043b\u044e\u0434\u0430\u0442\u044c \u0432\u0441\u0435 \u0438\u043d\u0441\u0442\u0440\u0443\u043a\u0446\u0438\u0438 \u043f\u043e \u0431\u0435\u0437\u043e\u043f\u0430\u0441\u043d\u043e\u0441\u0442\u0438 \u0438 \u0443\u043a\u0430\u0437\u0430\u043d\u0438\u044f \u043f\u043e\u0441\u0442\u0430\u0432\u0449\u0438\u043a\u0430 \u0443\u0441\u043b\u0443\u0433.<\/span><span style=\"font-weight: 400;\"><br \/><\/span><span style=\"font-weight: 400;\"> 4.2. \u041f\u0440\u0438 \u0438\u0441\u043f\u043e\u043b\u044c\u0437\u043e\u0432\u0430\u043d\u0438\u0438 \u0432\u043e\u0434\u043d\u044b\u0445 \u0442\u0440\u0430\u043d\u0441\u043f\u043e\u0440\u0442\u043d\u044b\u0445 \u0441\u0440\u0435\u0434\u0441\u0442\u0432 \u0438 \u0438\u043d\u0432\u0435\u043d\u0442\u0430\u0440\u044f \u043e\u0431\u044f\u0437\u0430\u0442\u0435\u043b\u044c\u043d\u043e \u043d\u043e\u0448\u0435\u043d\u0438\u0435 \u0441\u043f\u0430\u0441\u0430\u0442\u0435\u043b\u044c\u043d\u043e\u0433\u043e \u0436\u0438\u043b\u0435\u0442\u0430 \u0438 \u0434\u0440\u0443\u0433\u043e\u0433\u043e \u043f\u0440\u0435\u0434\u043e\u0441\u0442\u0430\u0432\u043b\u0435\u043d\u043d\u043e\u0433\u043e \u0437\u0430\u0449\u0438\u0442\u043d\u043e\u0433\u043e \u043e\u0431\u043e\u0440\u0443\u0434\u043e\u0432\u0430\u043d\u0438\u044f.<\/span><span style=\"font-weight: 400;\"><br \/><\/span><span style=\"font-weight: 400;\"> 4.3. \u041f\u043e\u0441\u0442\u0430\u0432\u0449\u0438\u043a \u0443\u0441\u043b\u0443\u0433 \u043d\u0435 \u043d\u0435\u0441\u0451\u0442 \u043e\u0442\u0432\u0435\u0442\u0441\u0442\u0432\u0435\u043d\u043d\u043e\u0441\u0442\u0438 \u0437\u0430 \u0442\u0440\u0430\u0432\u043c\u044b, \u0443\u0449\u0435\u0440\u0431 \u0437\u0434\u043e\u0440\u043e\u0432\u044c\u044e \u0438\u043b\u0438 \u043f\u043e\u0442\u0435\u0440\u044e \u0438\u043c\u0443\u0449\u0435\u0441\u0442\u0432\u0430 \u043a\u043b\u0438\u0435\u043d\u0442\u0430 \u043b\u0438\u0431\u043e \u0442\u0440\u0435\u0442\u044c\u0438\u0445 \u043b\u0438\u0446, \u0432\u043e\u0437\u043d\u0438\u043a\u0448\u0438\u0435 \u0432\u043e \u0432\u0440\u0435\u043c\u044f \u0438\u0441\u043f\u043e\u043b\u044c\u0437\u043e\u0432\u0430\u043d\u0438\u044f \u0443\u0441\u043b\u0443\u0433\u0438 \u0432\u0441\u043b\u0435\u0434\u0441\u0442\u0432\u0438\u0435 \u0434\u0435\u0439\u0441\u0442\u0432\u0438\u0439 \u043a\u043b\u0438\u0435\u043d\u0442\u0430 \u0438\u043b\u0438 \u043d\u0435\u0441\u043e\u0431\u043b\u044e\u0434\u0435\u043d\u0438\u044f \u043f\u0440\u0430\u0432\u0438\u043b.<\/span><span style=\"font-weight: 400;\"><br \/><\/span><span style=\"font-weight: 400;\"> 4.4. \u041a\u043b\u0438\u0435\u043d\u0442 \u043d\u0435\u0441\u0451\u0442 \u043e\u0442\u0432\u0435\u0442\u0441\u0442\u0432\u0435\u043d\u043d\u043e\u0441\u0442\u044c \u0437\u0430 \u043f\u043e\u0432\u0440\u0435\u0436\u0434\u0435\u043d\u0438\u0435 \u0438\u043b\u0438 \u0443\u0442\u0440\u0430\u0442\u0443 \u0438\u043d\u0432\u0435\u043d\u0442\u0430\u0440\u044f \u0438 \u043e\u0431\u044f\u0437\u0443\u0435\u0442\u0441\u044f \u0432\u043e\u0437\u043c\u0435\u0441\u0442\u0438\u0442\u044c \u0440\u0430\u0441\u0445\u043e\u0434\u044b \u043d\u0430 \u0440\u0435\u043c\u043e\u043d\u0442 \u0438\u043b\u0438 \u0437\u0430\u043c\u0435\u043d\u0443.<\/span><\/li><li><b> \u041e\u0441\u043e\u0431\u044b\u0435 \u0443\u0441\u043b\u043e\u0432\u0438\u044f \u043f\u043e \u0443\u0441\u043b\u0443\u0433\u0430\u043c<\/b><b><br \/><\/b><span style=\"font-weight: 400;\"> 5.1. \u0412\u043e \u0432\u0440\u0435\u043c\u044f \u0438\u0441\u043f\u043e\u043b\u044c\u0437\u043e\u0432\u0430\u043d\u0438\u044f \u0431\u0430\u043d\u0438 \u0437\u0430\u043f\u0440\u0435\u0449\u0430\u0435\u0442\u0441\u044f \u0438\u0441\u043f\u043e\u043b\u044c\u0437\u043e\u0432\u0430\u0442\u044c \u0441\u0442\u0435\u043a\u043b\u044f\u043d\u043d\u0443\u044e \u043f\u043e\u0441\u0443\u0434\u0443 \u0438 \u0443\u043f\u043e\u0442\u0440\u0435\u0431\u043b\u044f\u0442\u044c \u0430\u043b\u043a\u043e\u0433\u043e\u043b\u044c \u0432 \u0447\u0440\u0435\u0437\u043c\u0435\u0440\u043d\u044b\u0445 \u043a\u043e\u043b\u0438\u0447\u0435\u0441\u0442\u0432\u0430\u0445.<\/span><span style=\"font-weight: 400;\"><br \/><\/span><span style=\"font-weight: 400;\"> 5.2. \u0412\u043e\u0434\u043d\u044b\u0439 \u043c\u043e\u0442\u043e\u0446\u0438\u043a\u043b \u043c\u043e\u0436\u0435\u0442 \u0443\u043f\u0440\u0430\u0432\u043b\u044f\u0442\u044c\u0441\u044f \u0442\u043e\u043b\u044c\u043a\u043e \u043b\u0438\u0446\u043e\u043c \u0441 \u0434\u0435\u0439\u0441\u0442\u0432\u0443\u044e\u0449\u0438\u043c \u0443\u0434\u043e\u0441\u0442\u043e\u0432\u0435\u0440\u0435\u043d\u0438\u0435\u043c (\u0435\u0441\u043b\u0438 \u044d\u0442\u043e \u0442\u0440\u0435\u0431\u0443\u0435\u0442\u0441\u044f \u043d\u043e\u0440\u043c\u0430\u0442\u0438\u0432\u043d\u044b\u043c\u0438 \u0430\u043a\u0442\u0430\u043c\u0438).<\/span><span style=\"font-weight: 400;\"><br \/><\/span><span style=\"font-weight: 400;\"> 5.3. \u041f\u0440\u0438 \u0430\u0440\u0435\u043d\u0434\u0435 E-foil \u0438 SUP \u043e\u0431\u044f\u0437\u0430\u0442\u0435\u043b\u044c\u043d\u043e \u043d\u043e\u0448\u0435\u043d\u0438\u0435 \u0441\u043f\u0430\u0441\u0430\u0442\u0435\u043b\u044c\u043d\u043e\u0433\u043e \u0436\u0438\u043b\u0435\u0442\u0430 \u0438 \u0438\u0437\u0431\u0435\u0433\u0430\u043d\u0438\u0435 \u043e\u043f\u0430\u0441\u043d\u044b\u0445 \u0437\u043e\u043d.<\/span><\/li><li><b> \u041e\u0431\u0440\u0430\u0431\u043e\u0442\u043a\u0430 \u043f\u0435\u0440\u0441\u043e\u043d\u0430\u043b\u044c\u043d\u044b\u0445 \u0434\u0430\u043d\u043d\u044b\u0445<\/b><b><br \/><\/b><span style=\"font-weight: 400;\"> 6.1. \u041f\u0435\u0440\u0441\u043e\u043d\u0430\u043b\u044c\u043d\u044b\u0435 \u0434\u0430\u043d\u043d\u044b\u0435, \u043f\u0440\u0435\u0434\u043e\u0441\u0442\u0430\u0432\u043b\u0435\u043d\u043d\u044b\u0435 \u043f\u0440\u0438 \u0431\u0440\u043e\u043d\u0438\u0440\u043e\u0432\u0430\u043d\u0438\u0438, \u0438\u0441\u043f\u043e\u043b\u044c\u0437\u0443\u044e\u0442\u0441\u044f \u0442\u043e\u043b\u044c\u043a\u043e \u0434\u043b\u044f \u043e\u0431\u0435\u0441\u043f\u0435\u0447\u0435\u043d\u0438\u044f \u0431\u0440\u043e\u043d\u0438\u0440\u043e\u0432\u0430\u043d\u0438\u044f \u0438 \u0441\u0432\u044f\u0437\u0438 \u0441 \u043a\u043b\u0438\u0435\u043d\u0442\u043e\u043c.<\/span><span style=\"font-weight: 400;\"><br \/><\/span><span style=\"font-weight: 400;\"> 6.2. \u041f\u043e\u0441\u0442\u0430\u0432\u0449\u0438\u043a \u0443\u0441\u043b\u0443\u0433 \u043e\u0431\u044f\u0437\u0443\u0435\u0442\u0441\u044f \u043d\u0435 \u0440\u0430\u0437\u0433\u043b\u0430\u0448\u0430\u0442\u044c \u043f\u0435\u0440\u0441\u043e\u043d\u0430\u043b\u044c\u043d\u044b\u0435 \u0434\u0430\u043d\u043d\u044b\u0435 \u0442\u0440\u0435\u0442\u044c\u0438\u043c \u043b\u0438\u0446\u0430\u043c, \u0437\u0430 \u0438\u0441\u043a\u043b\u044e\u0447\u0435\u043d\u0438\u0435\u043c \u0441\u043b\u0443\u0447\u0430\u0435\u0432, \u043f\u0440\u0435\u0434\u0443\u0441\u043c\u043e\u0442\u0440\u0435\u043d\u043d\u044b\u0445 \u0437\u0430\u043a\u043e\u043d\u043e\u043c.<\/span><\/li><li><b> \u0417\u0430\u043a\u043b\u044e\u0447\u0438\u0442\u0435\u043b\u044c\u043d\u044b\u0435 \u043f\u043e\u043b\u043e\u0436\u0435\u043d\u0438\u044f<\/b><b><br \/><\/b><span style=\"font-weight: 400;\"> 7.1. \u041f\u043e\u0434\u0442\u0432\u0435\u0440\u0436\u0434\u0435\u043d\u0438\u0435 \u0431\u0440\u043e\u043d\u0438\u0440\u043e\u0432\u0430\u043d\u0438\u044f \u043e\u0437\u043d\u0430\u0447\u0430\u0435\u0442, \u0447\u0442\u043e \u043a\u043b\u0438\u0435\u043d\u0442 \u043f\u0440\u043e\u0447\u0438\u0442\u0430\u043b \u0438 \u0441\u043e\u0433\u043b\u0430\u0441\u0435\u043d \u0441 \u0434\u0430\u043d\u043d\u044b\u043c\u0438 \u043f\u0440\u0430\u0432\u0438\u043b\u0430\u043c\u0438.<\/span><span style=\"font-weight: 400;\"><br \/><\/span><span style=\"font-weight: 400;\"> 7.2. \u0412 \u0441\u043b\u0443\u0447\u0430\u0435 \u0432\u043e\u0437\u043d\u0438\u043a\u043d\u043e\u0432\u0435\u043d\u0438\u044f \u0441\u043f\u043e\u0440\u043e\u0432 \u0441\u0442\u043e\u0440\u043e\u043d\u044b \u0434\u043e\u043b\u0436\u043d\u044b \u0441\u0442\u0440\u0435\u043c\u0438\u0442\u044c\u0441\u044f \u043a \u0432\u0437\u0430\u0438\u043c\u043d\u043e\u043c\u0443 \u0441\u043e\u0433\u043b\u0430\u0448\u0435\u043d\u0438\u044e, \u0432 \u043f\u0440\u043e\u0442\u0438\u0432\u043d\u043e\u043c \u0441\u043b\u0443\u0447\u0430\u0435 \u043e\u043d\u0438 \u0440\u0430\u0437\u0440\u0435\u0448\u0430\u044e\u0442\u0441\u044f \u0432 \u043f\u043e\u0440\u044f\u0434\u043a\u0435, \u0443\u0441\u0442\u0430\u043d\u043e\u0432\u043b\u0435\u043d\u043d\u043e\u043c \u043d\u043e\u0440\u043c\u0430\u0442\u0438\u0432\u043d\u044b\u043c\u0438 \u0430\u043a\u0442\u0430\u043c\u0438 \u041b\u0430\u0442\u0432\u0438\u0439\u0441\u043a\u043e\u0439 \u0420\u0435\u0441\u043f\u0443\u0431\u043b\u0438\u043a\u0438.<\/span><\/li><\/ol>\t\t\t\t\t\t\t\t<\/div>\n\t\t\t\t<\/div>\n\t\t\t\t\t<\/div>\n\t\t<\/div>\n\t\t\t\t\t<\/div>\n\t\t<\/section>\n\t\t\t\t<\/div>","protected":false},"excerpt":{"rendered":"<p>Nomas un rezerv\u0101cijas noteikumi Visp\u0101r\u012bgie noteikumi 1.1. Rezerv\u0113jot pakalpojumu, klients apliecina, ka ir iepazinies ar \u0161iem noteikumiem un tiem piekr\u012bt. 1.2. Pakalpojumu sniedz\u0113js nodro\u0161ina rezerv\u0113to invent\u0101ru\/pakalpojumu norun\u0101taj\u0101 laik\u0101 un viet\u0101. 1.3. Pakalpojumus dr\u012bkst izmantot tikai pilngad\u012bgas personas vai nepilngad\u012bgie vec\u0101ku\/aizbild\u0146u uzraudz\u012bb\u0101. Rezerv\u0101cija un apmaksa 2.1. Rezerv\u0101cija st\u0101jas sp\u0113k\u0101 tikai p\u0113c apmaksas veik\u0161anas. 2.2. Klientam j\u0101ierodas vismaz 10 min\u016btes pirms rezerv\u0101cijas s\u0101kuma. 2.3. Ja klients kav\u0113 vair\u0101k nek\u0101 15 min\u016btes, pakalpojumu sniedz\u0113js patur ties\u012bbas pakalpojumu anul\u0113t bez kompens\u0101cijas. Atcel\u0161ana un izmai\u0146as 3.1. Rezerv\u0101ciju var atcelt vai main\u012bt vismaz 24 stundas pirms rezerv\u0113t\u0101 laika, sa\u0146emot pilnu atmaksu vai iesp\u0113ju p\u0101rcelt uz citu laiku. 3.2. Atce\u013cot v\u0113l\u0101k nek\u0101 24 stundas pirms rezerv\u0101cijas, iemaks\u0101t\u0101 summa netiek atgriezta. 3.3. Pakalpojumu sniedz\u0113js patur ties\u012bbas atcelt rezerv\u0101ciju \u0101rk\u0101rtas apst\u0101k\u013cu (laika apst\u0101k\u013ci, tehniski boj\u0101jumi u.c.) d\u0113\u013c, pied\u0101v\u0101jot p\u0101rcel\u0161anu vai pilnu atmaksu. Dro\u0161\u012bba un atbild\u012bba 4.1. Klientam ir pien\u0101kums iev\u0113rot visas dro\u0161\u012bbas instrukcijas un pakalpojumu sniedz\u0113ja nor\u0101d\u012bjumus. 4.2. \u016adens transportl\u012bdzek\u013cu un invent\u0101ra izmanto\u0161anas laik\u0101 oblig\u0101ti j\u0101lieto gl\u0101b\u0161anas veste un cits nodro\u0161in\u0101tais dro\u0161\u012bbas apr\u012bkojums. 4.3. Pakalpojumu sniedz\u0113js neuz\u0146emas atbild\u012bbu par klienta vai tre\u0161o personu traum\u0101m, vesel\u012bbas boj\u0101jumiem vai mantas zudumiem, kas radu\u0161ies pakalpojuma izmanto\u0161anas laik\u0101 klienta pa\u0161a r\u012bc\u012bbas vai noteikumu neiev\u0113ro\u0161anas d\u0113\u013c. 4.4. Klients uz\u0146emas atbild\u012bbu par invent\u0101ra boj\u0101\u0161anu vai nozaud\u0113\u0161anu un ap\u0146emas segt remonta vai nomai\u0146as izmaksas. \u012apa\u0161i nosac\u012bjumi pa pakalpojumiem 5.1. Pirts izmanto\u0161anas laik\u0101 aizliegts lietot stikla traukus un alkoholu p\u0101rm\u0113r\u012bg\u0101 daudzum\u0101. 5.2. \u016adensmotociklu dr\u012bkst vad\u012bt tikai persona ar der\u012bgu apliec\u012bbu (ja normat\u012bvi to prasa). 5.3. E-foil un SUP nomas laik\u0101 j\u0101lieto gl\u0101b\u0161anas veste un j\u0101izvair\u0101s no b\u012bstam\u0101m zon\u0101m. Personas datu apstr\u0101de 6.1. Rezerv\u0101cijas laik\u0101 sniegtie personas dati tiek izmantoti tikai rezerv\u0101cijas nodro\u0161in\u0101\u0161anai un sazi\u0146ai ar klientu. 6.2. Pakalpojumu sniedz\u0113js ap\u0146emas neizpaust personas datus tre\u0161aj\u0101m person\u0101m, iz\u0146emot gad\u012bjumus, kad to paredz likums. Gala noteikumi 7.1. Rezerv\u0101cijas apstiprin\u0101\u0161ana noz\u012bm\u0113, ka klients ir izlas\u012bjis un piekritis \u0161iem noteikumiem. 7.2. Str\u012bdu gad\u012bjum\u0101 pus\u0113m j\u0101cen\u0161as pan\u0101kt savstarp\u0113ju vieno\u0161anos, pret\u0113j\u0101 gad\u012bjum\u0101 tie tiek risin\u0101ti Latvijas Republikas normat\u012bvajos aktos noteiktaj\u0101 k\u0101rt\u012bb\u0101.<\/p>","protected":false},"author":1,"featured_media":0,"parent":0,"menu_order":0,"comment_status":"closed","ping_status":"closed","template":"elementor_canvas","meta":{"_joinchat":[],"footnotes":""},"class_list":["post-1130","page","type-page","status-publish","hentry"],"_links":{"self":[{"href":"https:\/\/piestatne.lv\/ru\/wp-json\/wp\/v2\/pages\/1130","targetHints":{"allow":["GET"]}}],"collection":[{"href":"https:\/\/piestatne.lv\/ru\/wp-json\/wp\/v2\/pages"}],"about":[{"href":"https:\/\/piestatne.lv\/ru\/wp-json\/wp\/v2\/types\/page"}],"author":[{"embeddable":true,"href":"https:\/\/piestatne.lv\/ru\/wp-json\/wp\/v2\/users\/1"}],"replies":[{"embeddable":true,"href":"https:\/\/piestatne.lv\/ru\/wp-json\/wp\/v2\/comments?post=1130"}],"version-history":[{"count":4,"href":"https:\/\/piestatne.lv\/ru\/wp-json\/wp\/v2\/pages\/1130\/revisions"}],"predecessor-version":[{"id":1134,"href":"https:\/\/piestatne.lv\/ru\/wp-json\/wp\/v2\/pages\/1130\/revisions\/1134"}],"wp:attachment":[{"href":"https:\/\/piestatne.lv\/ru\/wp-json\/wp\/v2\/media?parent=1130"}],"curies":[{"name":"wp","href":"https:\/\/api.w.org\/{rel}","templated":true}]}}