{"id":55,"date":"2022-02-24T12:48:26","date_gmt":"2022-02-24T12:48:26","guid":{"rendered":"https:\/\/demosites.royal-elementor-addons.com\/travel-v1\/?page_id=55"},"modified":"2025-09-29T21:33:03","modified_gmt":"2025-09-29T18:33:03","slug":"rezervacija","status":"publish","type":"page","link":"https:\/\/piestatne.lv\/ru\/rezervacija\/","title":{"rendered":"\u0411\u0440\u043e\u043d\u0438\u0440\u043e\u0432\u0430\u043d\u0438\u0435"},"content":{"rendered":"<div data-elementor-type=\"wp-page\" data-elementor-id=\"55\" class=\"elementor elementor-55\">\n\t\t\t\t\t\t<section class=\"elementor-section elementor-top-section elementor-element elementor-element-ee660d1 elementor-section-boxed elementor-section-height-default elementor-section-height-default wpr-particle-no wpr-jarallax-no wpr-parallax-no wpr-sticky-section-no\" data-id=\"ee660d1\" data-element_type=\"section\">\n\t\t\t\t\t\t\t<div class=\"elementor-background-overlay\"><\/div>\n\t\t\t\t\t\t\t<div class=\"elementor-container elementor-column-gap-default\">\n\t\t\t\t\t<div class=\"elementor-column elementor-col-100 elementor-top-column elementor-element elementor-element-e8cb576\" data-id=\"e8cb576\" data-element_type=\"column\">\n\t\t\t<div class=\"elementor-widget-wrap elementor-element-populated\">\n\t\t\t\t\t\t<div class=\"elementor-element elementor-element-993cb39 elementor-widget elementor-widget-heading\" data-id=\"993cb39\" data-element_type=\"widget\" data-widget_type=\"heading.default\">\n\t\t\t\t<div class=\"elementor-widget-container\">\n\t\t\t\t\t<h2 class=\"elementor-heading-title elementor-size-default\">\u0411\u0440\u043e\u043d\u0438\u0440\u043e\u0432\u0430\u043d\u0438\u0435 \u2013 \u0431\u0430\u043d\u044f, \u0434\u0436\u0430\u043a\u0443\u0437\u0438 \u0438 \u0441\u0442\u0435\u043a\u043b\u044f\u043d\u043d\u044b\u0439 \u0434\u043e\u043c\u0438\u043a \u0441 \u0433\u0440\u0438\u043b\u0435\u043c \u0432 \u041a\u0430\u0442\u043b\u0430\u043a\u0430\u043b\u043d\u0435<\/h2>\t\t\t\t<\/div>\n\t\t\t\t<\/div>\n\t\t\t\t<div class=\"elementor-element elementor-element-4186537 elementor-widget elementor-widget-text-editor\" data-id=\"4186537\" data-element_type=\"widget\" data-widget_type=\"text-editor.default\">\n\t\t\t\t<div class=\"elementor-widget-container\">\n\t\t\t\t\t\t\t\t\t<p>\u043e\u0447\u0435\u0448\u044c \u043d\u0435\u0437\u0430\u0431\u044b\u0432\u0430\u0435\u043c\u043e\u0433\u043e \u043e\u0442\u0434\u044b\u0445\u0430 \u043d\u0430 \u0431\u0435\u0440\u0435\u0433\u0443 \u0414\u0430\u0443\u0433\u0430\u0432\u044b? <strong data-start=\"308\" data-end=\"351\">\u0417\u0430\u0431\u0440\u043e\u043d\u0438\u0440\u0443\u0439 \u0441\u0432\u043e\u0451 \u043c\u0435\u0441\u0442\u043e \u0443 \u043d\u0430\u0441 \u0443\u0436\u0435 \u0441\u0435\u0433\u043e\u0434\u043d\u044f!<\/strong> Piestatne.lv \u043f\u0440\u0435\u0434\u043b\u0430\u0433\u0430\u0435\u0442 \u0432\u043e\u0437\u043c\u043e\u0436\u043d\u043e\u0441\u0442\u044c \u0430\u0440\u0435\u043d\u0434\u043e\u0432\u0430\u0442\u044c <strong data-start=\"394\" data-end=\"414\">\u0441\u043e\u0432\u0440\u0435\u043c\u0435\u043d\u043d\u0443\u044e \u0431\u0430\u043d\u044e<\/strong>\u0443\u043b\u0438\u0447\u043d\u043e\u0435 <strong data-start=\"420\" data-end=\"450\">\u0434\u0436\u0430\u043a\u0443\u0437\u0438 \u0441 \u0433\u0438\u0434\u0440\u043e\u043c\u0430\u0441\u0441\u0430\u0436\u0435\u043c<\/strong>\u0443\u043b\u0438\u0447\u043d\u043e\u0435 <strong data-start=\"456\" data-end=\"517\">\u0438\u043b\u0438 \u044d\u043b\u0435\u0433\u0430\u043d\u0442\u043d\u044b\u0439 \u0441\u0442\u0435\u043a\u043b\u044f\u043d\u043d\u044b\u0439 chill-out \u0434\u043e\u043c\u0438\u043a \u0441 \u0433\u0440\u0438\u043b\u0435\u043c \u0438 \u0437\u043e\u043d\u043e\u0439 \u043e\u0442\u0434\u044b\u0445\u0430.<\/strong>.<\/p><p data-start=\"520\" data-end=\"893\"><strong data-start=\"523\" data-end=\"532\">\u0411\u0430\u043d\u044f<\/strong> \u2013 \u043e\u0442\u043b\u0438\u0447\u043d\u044b\u0439 \u0432\u044b\u0431\u043e\u0440 \u0434\u043b\u044f \u0441\u043f\u043e\u043a\u043e\u0439\u043d\u043e\u0433\u043e \u043e\u0442\u0434\u044b\u0445\u0430 \u0438\u043b\u0438 \u0434\u0440\u0443\u0436\u0435\u0441\u043a\u0438\u0445 \u043f\u043e\u0441\u0438\u0434\u0435\u043b\u043e\u043a. \u0410\u0443\u0442\u0435\u043d\u0442\u0438\u0447\u043d\u0430\u044f \u0430\u0442\u043c\u043e\u0441\u0444\u0435\u0440\u0430 \u0438 \u0432\u0438\u0434 \u043d\u0430 \u0440\u0435\u043a\u0443 \u0441\u0434\u0435\u043b\u0430\u044e\u0442 \u044d\u0442\u043e\u0442 \u043e\u043f\u044b\u0442 \u043e\u0441\u043e\u0431\u0435\u043d\u043d\u044b\u043c.<br data-start=\"662\" data-end=\"665\" \/><strong data-start=\"668\" data-end=\"679\"><br \/>\u0414\u0436\u0430\u043a\u0443\u0437\u0438<\/strong> - \u0433\u0438\u0434\u0440\u043e\u043c\u0430\u0441\u0441\u0430\u0436\u043d\u0430\u044f \u0432\u0430\u043d\u043d\u0430 \u043f\u043e\u0434 \u043e\u0442\u043a\u0440\u044b\u0442\u044b\u043c \u043d\u0435\u0431\u043e\u043c \u043f\u043e\u0434\u0430\u0440\u0438\u0442 \u0430\u0431\u0441\u043e\u043b\u044e\u0442\u043d\u043e\u0435 \u0440\u0430\u0441\u0441\u043b\u0430\u0431\u043b\u0435\u043d\u0438\u0435 \u0432 \u043b\u044e\u0431\u043e\u0435 \u0432\u0440\u0435\u043c\u044f \u0433\u043e\u0434\u0430.<br data-start=\"759\" data-end=\"762\" \/><strong data-start=\"765\" data-end=\"810\"><br \/>hill-out \u0441\u0442\u0435\u043a\u043b\u044f\u043d\u043d\u044b\u0439 \u0434\u043e\u043c\u0438\u043a \u0441 \u0433\u0440\u0438\u043b\u0435\u043c \u0438 \u0437\u043e\u043d\u043e\u0439 \u043e\u0442\u0434\u044b\u0445\u0430<\/strong> \u2013 \u0438\u0434\u0435\u0430\u043b\u044c\u043d\u043e\u0435 \u043c\u0435\u0441\u0442\u043e, \u0433\u0434\u0435 \u043c\u043e\u0436\u043d\u043e \u043d\u0435\u0441\u043f\u0435\u0448\u043d\u043e \u043f\u0440\u043e\u0432\u0435\u0441\u0442\u0438 \u0432\u0435\u0447\u0435\u0440, \u043d\u0430\u0441\u043b\u0430\u0434\u0438\u0442\u044c\u0441\u044f \u0443\u0436\u0438\u043d\u043e\u043c \u0438 \u043f\u0440\u0438\u0440\u043e\u0434\u043e\u0439 \u043e\u0434\u043d\u043e\u0432\u0440\u0435\u043c\u0435\u043d\u043d\u043e.<\/p><p data-start=\"895\" data-end=\"1114\"><strong data-start=\"895\" data-end=\"931\">\u0411\u0440\u043e\u043d\u0438\u0440\u043e\u0432\u0430\u043d\u0438\u0435 \u043f\u0440\u043e\u0441\u0442\u043e\u0435 \u0438 \u0443\u0434\u043e\u0431\u043d\u043e\u0435<\/strong> \u2013 \u0432\u044b\u0431\u0435\u0440\u0438 \u043f\u043e\u0434\u0445\u043e\u0434\u044f\u0449\u0435\u0435 \u0432\u0440\u0435\u043c\u044f, \u0437\u0430\u043a\u0430\u0436\u0438 \u0443\u0441\u043b\u0443\u0433\u0443 \u0438 \u043f\u0440\u0438\u0435\u0437\u0436\u0430\u0439 \u0432 \u041a\u0430\u0442\u043b\u0430\u043a\u0430\u043b\u043d, \u0447\u0442\u043e\u0431\u044b \u043d\u0430\u0441\u043b\u0430\u0434\u0438\u0442\u044c\u0441\u044f \u043f\u043e\u043a\u043e\u0435\u043c \u043d\u0430 \u0431\u0435\u0440\u0435\u0433\u0443 \u0414\u0430\u0443\u0433\u0430\u0432\u044b. \u041a\u043e\u043b\u0438\u0447\u0435\u0441\u0442\u0432\u043e \u043c\u0435\u0441\u0442 \u043e\u0433\u0440\u0430\u043d\u0438\u0447\u0435\u043d\u043e, \u043f\u043e\u044d\u0442\u043e\u043c\u0443 \u0440\u0435\u043a\u043e\u043c\u0435\u043d\u0434\u0443\u0435\u043c \u043f\u043b\u0430\u043d\u0438\u0440\u043e\u0432\u0430\u0442\u044c \u043e\u0442\u0434\u044b\u0445 \u0437\u0430\u0440\u0430\u043d\u0435\u0435.<\/p>\t\t\t\t\t\t\t\t<\/div>\n\t\t\t\t<\/div>\n\t\t\t\t\t<\/div>\n\t\t<\/div>\n\t\t\t\t\t<\/div>\n\t\t<\/section>\n\t\t<div class=\"elementor-element elementor-element-9f985c4 e-flex e-con-boxed wpr-particle-no wpr-jarallax-no wpr-parallax-no wpr-sticky-section-no e-con e-parent\" data-id=\"9f985c4\" data-element_type=\"container\">\n\t\t\t\t\t<div class=\"e-con-inner\">\n\t\t\t\t<div class=\"elementor-element elementor-element-e8afadf elementor-widget elementor-widget-shortcode\" data-id=\"e8afadf\" data-element_type=\"widget\" data-widget_type=\"shortcode.default\">\n\t\t\t\t<div class=\"elementor-widget-container\">\n\t\t\t\t\t\t\t<div class=\"elementor-shortcode\"><div class=\"latepoint-book-form-wrapper os-loading os_init_booking_form\" id=\"latepointBookForm_69e257b124ab9\" >\n\t\t\t\t\t\t<div class=\"latepoint-w latepoint-inline-form latepoint-show-side-panel\">\n\t\t\t\t\t\t\t<div class=\"latepoint-booking-form-element\">\n\t\t\t\t\t\t\t\t<div class=\"latepoint-side-panel\"><\/div>\n\t\t\t\t\t\t\t\t<div class=\"latepoint-form-w\"><\/div>\n\t\t\t\t\t\t\t<\/div>\n\t\t\t\t\t\t<\/div>\n\t\t\t\t\t<\/div><\/div>\n\t\t\t\t\t\t<\/div>\n\t\t\t\t<\/div>\n\t\t\t\t\t<\/div>\n\t\t\t\t<\/div>\n\t\t\t\t<\/div>","protected":false},"excerpt":{"rendered":"<p>Rezerv\u0101cija \u2013 pirts, d\u017eakuzi un stikla nami\u0146\u0161 ar grilu Katlakaln\u0101 Ja v\u0113lies neaizmirstamu atp\u016btu pie Daugavas, rezerv\u0113 savu vietu pie mums jau \u0161odien! Piestatne.lv pied\u0101v\u0101 iesp\u0113ju rezerv\u0113t gan m\u016bsdien\u012bgu pirti, gan \u0101ra d\u017eakuzi ar burbu\u013cvannu, gan elegantu stikla chill-out nami\u0146u ar grilu un atp\u016btas zonu. Pirts \u2013 lieliska izv\u0113le mierpilnai relaks\u0101cijai vai draugu pas\u0113d\u0113\u0161anai. Autentiska atmosf\u0113ra un skats uz upi padar\u012bs \u0161o pieredzi \u012bpa\u0161u.D\u017eakuzi \u2013 burbu\u013cvanna zem atkl\u0101t\u0101m debes\u012bm sniegs absol\u016btu atsl\u0101bumu jebkur\u0101 gadalaik\u0101.Chill-out stikla nami\u0146\u0161 ar grilu un vietu \u2013 ide\u0101la vieta, kur nesteidz\u012bgi pavad\u012bt vakaru, baud\u012bt malt\u012bti un dabu vienlaikus. Rezerv\u0101cija ir vienk\u0101r\u0161a un \u0113rta \u2013 izv\u0113lies v\u0113lamo laiku, piesaki pakalpojumu un atbrauc uz vietas Katlakaln\u0101, lai izbaud\u012btu mieru pie Daugavas. Vietu skaits ir ierobe\u017eots, t\u0101p\u0113c aicin\u0101m pl\u0101not savu atp\u016btu iepriek\u0161.<\/p>","protected":false},"author":1,"featured_media":0,"parent":0,"menu_order":0,"comment_status":"closed","ping_status":"closed","template":"elementor_canvas","meta":{"_joinchat":[],"footnotes":""},"class_list":["post-55","page","type-page","status-publish","hentry"],"_links":{"self":[{"href":"https:\/\/piestatne.lv\/ru\/wp-json\/wp\/v2\/pages\/55","targetHints":{"allow":["GET"]}}],"collection":[{"href":"https:\/\/piestatne.lv\/ru\/wp-json\/wp\/v2\/pages"}],"about":[{"href":"https:\/\/piestatne.lv\/ru\/wp-json\/wp\/v2\/types\/page"}],"author":[{"embeddable":true,"href":"https:\/\/piestatne.lv\/ru\/wp-json\/wp\/v2\/users\/1"}],"replies":[{"embeddable":true,"href":"https:\/\/piestatne.lv\/ru\/wp-json\/wp\/v2\/comments?post=55"}],"version-history":[{"count":19,"href":"https:\/\/piestatne.lv\/ru\/wp-json\/wp\/v2\/pages\/55\/revisions"}],"predecessor-version":[{"id":1115,"href":"https:\/\/piestatne.lv\/ru\/wp-json\/wp\/v2\/pages\/55\/revisions\/1115"}],"wp:attachment":[{"href":"https:\/\/piestatne.lv\/ru\/wp-json\/wp\/v2\/media?parent=55"}],"curies":[{"name":"wp","href":"https:\/\/api.w.org\/{rel}","templated":true}]}}