{"id":57,"date":"2022-02-24T12:48:15","date_gmt":"2022-02-24T12:48:15","guid":{"rendered":"https:\/\/demosites.royal-elementor-addons.com\/travel-v1\/?page_id=57"},"modified":"2025-07-06T14:06:51","modified_gmt":"2025-07-06T14:06:51","slug":"kontakti","status":"publish","type":"page","link":"https:\/\/piestatne.lv\/ru\/kontakti\/","title":{"rendered":"\u041a\u043e\u043d\u0442\u0430\u043a\u0442\u044b"},"content":{"rendered":"<div data-elementor-type=\"wp-page\" data-elementor-id=\"57\" class=\"elementor elementor-57\">\n\t\t\t\t\t\t<section class=\"elementor-section elementor-top-section elementor-element elementor-element-5f34d2b elementor-section-height-min-height elementor-section-boxed elementor-section-height-default elementor-section-items-middle wpr-particle-no wpr-jarallax-no wpr-parallax-no wpr-sticky-section-no\" data-id=\"5f34d2b\" data-element_type=\"section\" data-settings=\"{&quot;background_background&quot;:&quot;classic&quot;}\">\n\t\t\t\t\t\t\t<div class=\"elementor-background-overlay\"><\/div>\n\t\t\t\t\t\t\t<div class=\"elementor-container elementor-column-gap-default\">\n\t\t\t\t\t<div class=\"elementor-column elementor-col-100 elementor-top-column elementor-element elementor-element-fb237cd\" data-id=\"fb237cd\" data-element_type=\"column\">\n\t\t\t<div class=\"elementor-widget-wrap elementor-element-populated\">\n\t\t\t\t\t\t<div class=\"elementor-element elementor-element-f519314 elementor-widget elementor-widget-heading\" data-id=\"f519314\" data-element_type=\"widget\" data-widget_type=\"heading.default\">\n\t\t\t\t<div class=\"elementor-widget-container\">\n\t\t\t\t\t<h2 class=\"elementor-heading-title elementor-size-default\">\u041a\u043e\u043d\u0442\u0430\u043a\u0442\u044b<\/h2>\t\t\t\t<\/div>\n\t\t\t\t<\/div>\n\t\t\t\t<div class=\"elementor-element elementor-element-3f8110c elementor-widget-divider--view-line elementor-widget elementor-widget-divider\" data-id=\"3f8110c\" data-element_type=\"widget\" data-widget_type=\"divider.default\">\n\t\t\t\t<div class=\"elementor-widget-container\">\n\t\t\t\t\t\t\t<div class=\"elementor-divider\">\n\t\t\t<span class=\"elementor-divider-separator\">\n\t\t\t\t\t\t<\/span>\n\t\t<\/div>\n\t\t\t\t\t\t<\/div>\n\t\t\t\t<\/div>\n\t\t\t\t\t<\/div>\n\t\t<\/div>\n\t\t\t\t\t<\/div>\n\t\t<\/section>\n\t\t\t\t<section class=\"elementor-section elementor-top-section elementor-element elementor-element-b5f7512 elementor-section-boxed elementor-section-height-default elementor-section-height-default wpr-particle-no wpr-jarallax-no wpr-parallax-no wpr-sticky-section-no\" data-id=\"b5f7512\" data-element_type=\"section\">\n\t\t\t\t\t\t\t<div class=\"elementor-background-overlay\"><\/div>\n\t\t\t\t\t\t\t<div class=\"elementor-container elementor-column-gap-wide\">\n\t\t\t\t\t<div class=\"elementor-column elementor-col-50 elementor-top-column elementor-element elementor-element-25ea9f9\" data-id=\"25ea9f9\" data-element_type=\"column\">\n\t\t\t<div class=\"elementor-widget-wrap elementor-element-populated\">\n\t\t\t\t\t\t<div class=\"elementor-element elementor-element-fc9232f elementor-widget elementor-widget-text-editor\" data-id=\"fc9232f\" data-element_type=\"widget\" data-widget_type=\"text-editor.default\">\n\t\t\t\t<div class=\"elementor-widget-container\">\n\t\t\t\t\t\t\t\t\t<p><b>SIA Market Share<\/b><\/p><p>\u0420\u0435\u0433. \u2116: 40103373965<\/p><p>\u042e\u0440\u0438\u0434\u0438\u0447\u0435\u0441\u043a\u0438\u0439 \u0430\u0434\u0440\u0435\u0441: Valnu 4-5, \u0420\u0438\u0433\u0430, LV-1050\u00a0<\/p><p>IBAN: LV11HABA0551030169923<\/p>\t\t\t\t\t\t\t\t<\/div>\n\t\t\t\t<\/div>\n\t\t\t\t<div class=\"elementor-element elementor-element-9ebfdf4 elementor-widget elementor-widget-heading\" data-id=\"9ebfdf4\" data-element_type=\"widget\" data-widget_type=\"heading.default\">\n\t\t\t\t<div class=\"elementor-widget-container\">\n\t\t\t\t\t<h2 class=\"elementor-heading-title elementor-size-default\">\u042d-\u043f\u043e\u0447\u0442\u0430: info@piestatne.lv<br>\n\u0422\u0435\u043b\u0435\u0444\u043e\u043d: +371 29256241<\/h2>\t\t\t\t<\/div>\n\t\t\t\t<\/div>\n\t\t\t\t<div class=\"elementor-element elementor-element-090946d elementor-widget elementor-widget-text-editor\" data-id=\"090946d\" data-element_type=\"widget\" data-widget_type=\"text-editor.default\">\n\t\t\t\t<div class=\"elementor-widget-container\">\n\t\t\t\t\t\t\t\t\t<p><b>\u0410\u0434\u0440\u0435\u0441 \u043c\u0435\u0441\u0442\u0430 \u043e\u0442\u0434\u044b\u0445\u0430 \u0438 \u0440\u0430\u0437\u0432\u043b\u0435\u0447\u0435\u043d\u0438\u0439:<\/b> <br \/>Cep\u013ca iela 5, Katlakalns, \u0136ekavas pagasts, \u0136ekavas novads, LV-2111<\/p>\t\t\t\t\t\t\t\t<\/div>\n\t\t\t\t<\/div>\n\t\t\t\t<div class=\"elementor-element elementor-element-a7e3046 elementor-widget elementor-widget-google_maps\" data-id=\"a7e3046\" data-element_type=\"widget\" data-widget_type=\"google_maps.default\">\n\t\t\t\t<div class=\"elementor-widget-container\">\n\t\t\t\t\t\t\t<div class=\"elementor-custom-embed\">\n\t\t\t<iframe loading=\"lazy\"\n\t\t\t\t\tsrc=\"https:\/\/maps.google.com\/maps?q=Cep%C4%BCa%20iela%205%2C%20Katlakalns%2C%20%C4%B6ekavas%20pagasts%2C%20%C4%B6ekavas%20novads%2C%20LV-2111&#038;t=m&#038;z=12&#038;output=embed&#038;iwloc=near\"\n\t\t\t\t\ttitle=\"Cep\u013ca iela 5, Katlakalns, \u0136ekavas pagasts, \u0136ekavas novads, LV-2111\"\n\t\t\t\t\taria-label=\"Cep\u013ca iela 5, Katlakalns, \u0136ekavas pagasts, \u0136ekavas novads, LV-2111\"\n\t\t\t><\/iframe>\n\t\t<\/div>\n\t\t\t\t\t\t<\/div>\n\t\t\t\t<\/div>\n\t\t\t\t\t<\/div>\n\t\t<\/div>\n\t\t\t\t<div class=\"elementor-column elementor-col-50 elementor-top-column elementor-element elementor-element-2410449\" data-id=\"2410449\" data-element_type=\"column\">\n\t\t\t<div class=\"elementor-widget-wrap elementor-element-populated\">\n\t\t\t\t\t\t<div class=\"elementor-element elementor-element-ebec5c0 wpr-forms-align-left wpr-forms-submit-left elementor-widget elementor-widget-wpr-forms\" data-id=\"ebec5c0\" data-element_type=\"widget\" data-widget_type=\"wpr-forms.default\">\n\t\t\t\t<div class=\"elementor-widget-container\">\n\t\t\t\t\t<div class=\"wpr-forms-container wpr-custom-chk-radio\">\n<div class=\"wpcf7 no-js\" id=\"wpcf7-f864-o1\" lang=\"en-US\" dir=\"ltr\" data-wpcf7-id=\"864\">\n<div class=\"screen-reader-response\"><p role=\"status\" aria-live=\"polite\" aria-atomic=\"true\"><\/p> <ul><\/ul><\/div>\n<form action=\"\/ru\/wp-json\/wp\/v2\/pages\/57#wpcf7-f864-o1\" method=\"post\" class=\"wpcf7-form init\" aria-label=\"Contact form\" novalidate=\"novalidate\" data-status=\"init\" data-trp-original-action=\"\/ru\/wp-json\/wp\/v2\/pages\/57#wpcf7-f864-o1\">\n<fieldset class=\"hidden-fields-container\"><input type=\"hidden\" name=\"_wpcf7\" value=\"864\" \/><input type=\"hidden\" name=\"_wpcf7_version\" value=\"6.1.4\" \/><input type=\"hidden\" name=\"_wpcf7_locale\" value=\"en_US\" \/><input type=\"hidden\" name=\"_wpcf7_unit_tag\" value=\"wpcf7-f864-o1\" \/><input type=\"hidden\" name=\"_wpcf7_container_post\" value=\"0\" \/><input type=\"hidden\" name=\"_wpcf7_posted_data_hash\" value=\"\" \/>\n<\/fieldset>\n<p><label> \u0412\u0430\u0448\u0435 \u0438\u043c\u044f<br \/>\n<span class=\"wpcf7-form-control-wrap\" data-name=\"your-name\"><input size=\"40\" maxlength=\"400\" class=\"wpcf7-form-control wpcf7-text wpcf7-validates-as-required\" aria-required=\"true\" aria-invalid=\"false\" value=\"\" type=\"text\" name=\"your-name\" \/><\/span> <\/label>\n<\/p>\n<p><label> \u042d-\u043f\u043e\u0447\u0442\u0430<br \/>\n<span class=\"wpcf7-form-control-wrap\" data-name=\"your-email\"><input size=\"40\" maxlength=\"400\" class=\"wpcf7-form-control wpcf7-email wpcf7-validates-as-required wpcf7-text wpcf7-validates-as-email\" aria-required=\"true\" aria-invalid=\"false\" value=\"\" type=\"email\" name=\"your-email\" \/><\/span> <\/label>\n<\/p>\n<p><label> \u0422\u0435\u043b\u0435\u0444\u043e\u043d<br \/>\n<span class=\"wpcf7-form-control-wrap\" data-name=\"tel-110\"><input size=\"40\" maxlength=\"400\" class=\"wpcf7-form-control wpcf7-tel wpcf7-validates-as-required wpcf7-text wpcf7-validates-as-tel\" aria-required=\"true\" aria-invalid=\"false\" value=\"\" type=\"tel\" name=\"tel-110\" \/><\/span> <\/label>\n<\/p>\n<p><label> \u0421\u043e\u043e\u0431\u0449\u0435\u043d\u0438\u0435 (\u043d\u0435\u043e\u0431\u044f\u0437\u0430\u0442\u0435\u043b\u044c\u043d\u043e)<br \/>\n<span class=\"wpcf7-form-control-wrap\" data-name=\"your-message\"><textarea cols=\"40\" rows=\"10\" maxlength=\"2000\" class=\"wpcf7-form-control wpcf7-textarea\" aria-invalid=\"false\" name=\"your-message\"><\/textarea><\/span> <\/label>\n<\/p>\n<p><input class=\"wpcf7-form-control wpcf7-submit has-spinner\" type=\"submit\" value=\"\u041e\u0442\u043f\u0440\u0430\u0432\u0438\u0442\u044c\" \/>\n<\/p><div class=\"wpcf7-response-output\" aria-hidden=\"true\"><\/div>\n<input type=\"hidden\" name=\"trp-form-language\" value=\"ru\"\/><\/form>\n<\/div>\n<\/div>\t\t\t\t<\/div>\n\t\t\t\t<\/div>\n\t\t\t\t\t<\/div>\n\t\t<\/div>\n\t\t\t\t\t<\/div>\n\t\t<\/section>\n\t\t\t\t<\/div>","protected":false},"excerpt":{"rendered":"<p>Kontakti SIA Market Share Reg. nr: 40103373965 Juridisk\u0101 adrese: Valnu 4-5, R\u012bga, LV-1050\u00a0 IBAN: LV11HABA0551030169923 Epasts: info@piestatne.lv Telefona nr.: +371 29256241 Atp\u016btas un izklaides vietas adrese: Cep\u013ca iela 5, Katlakalns, \u0136ekavas pagasts, \u0136ekavas novads, LV-2111 J\u016bsu v\u0101rds Epasts Telefon nr. Zi\u0146a (optional)<\/p>","protected":false},"author":1,"featured_media":0,"parent":0,"menu_order":0,"comment_status":"closed","ping_status":"closed","template":"elementor_canvas","meta":{"_joinchat":[],"footnotes":""},"class_list":["post-57","page","type-page","status-publish","hentry"],"_links":{"self":[{"href":"https:\/\/piestatne.lv\/ru\/wp-json\/wp\/v2\/pages\/57","targetHints":{"allow":["GET"]}}],"collection":[{"href":"https:\/\/piestatne.lv\/ru\/wp-json\/wp\/v2\/pages"}],"about":[{"href":"https:\/\/piestatne.lv\/ru\/wp-json\/wp\/v2\/types\/page"}],"author":[{"embeddable":true,"href":"https:\/\/piestatne.lv\/ru\/wp-json\/wp\/v2\/users\/1"}],"replies":[{"embeddable":true,"href":"https:\/\/piestatne.lv\/ru\/wp-json\/wp\/v2\/comments?post=57"}],"version-history":[{"count":16,"href":"https:\/\/piestatne.lv\/ru\/wp-json\/wp\/v2\/pages\/57\/revisions"}],"predecessor-version":[{"id":1034,"href":"https:\/\/piestatne.lv\/ru\/wp-json\/wp\/v2\/pages\/57\/revisions\/1034"}],"wp:attachment":[{"href":"https:\/\/piestatne.lv\/ru\/wp-json\/wp\/v2\/media?parent=57"}],"curies":[{"name":"wp","href":"https:\/\/api.w.org\/{rel}","templated":true}]}}