{"id":975,"date":"2025-06-27T12:18:28","date_gmt":"2025-06-27T12:18:28","guid":{"rendered":"https:\/\/piestatne.lv\/?page_id=975"},"modified":"2025-10-01T16:08:42","modified_gmt":"2025-10-01T13:08:42","slug":"inventara-noma","status":"publish","type":"page","link":"https:\/\/piestatne.lv\/ru\/inventara-noma\/","title":{"rendered":"\u0410\u0440\u0435\u043d\u0434\u0430 \u0438\u043d\u0432\u0435\u043d\u0442\u0430\u0440\u044f"},"content":{"rendered":"<div data-elementor-type=\"wp-page\" data-elementor-id=\"975\" class=\"elementor elementor-975\">\n\t\t\t\t\t\t<section class=\"elementor-section elementor-top-section elementor-element elementor-element-ee660d1 elementor-section-boxed elementor-section-height-default elementor-section-height-default wpr-particle-no wpr-jarallax-no wpr-parallax-no wpr-sticky-section-no\" data-id=\"ee660d1\" data-element_type=\"section\">\n\t\t\t\t\t\t\t<div class=\"elementor-background-overlay\"><\/div>\n\t\t\t\t\t\t\t<div class=\"elementor-container elementor-column-gap-default\">\n\t\t\t\t\t<div class=\"elementor-column elementor-col-100 elementor-top-column elementor-element elementor-element-e8cb576\" data-id=\"e8cb576\" data-element_type=\"column\">\n\t\t\t<div class=\"elementor-widget-wrap elementor-element-populated\">\n\t\t\t\t\t\t<div class=\"elementor-element elementor-element-993cb39 elementor-widget elementor-widget-heading\" data-id=\"993cb39\" data-element_type=\"widget\" data-widget_type=\"heading.default\">\n\t\t\t\t<div class=\"elementor-widget-container\">\n\t\t\t\t\t<h2 class=\"elementor-heading-title elementor-size-default\">\u0410\u0440\u0435\u043d\u0434\u0430 \u2013 \u0432\u043e\u0434\u043d\u044b\u0439 \u0441\u043f\u043e\u0440\u0442\u0438\u0432\u043d\u044b\u0439 \u0438\u043d\u0432\u0435\u043d\u0442\u0430\u0440\u044c \u043d\u0430 \u0414\u0430\u0443\u0433\u0430\u0432\u0435<\/h2>\t\t\t\t<\/div>\n\t\t\t\t<\/div>\n\t\t\t\t<div class=\"elementor-element elementor-element-4186537 elementor-widget elementor-widget-text-editor\" data-id=\"4186537\" data-element_type=\"widget\" data-widget_type=\"text-editor.default\">\n\t\t\t\t<div class=\"elementor-widget-container\">\n\t\t\t\t\t\t\t\t\t<p data-start=\"1171\" data-end=\"1345\">\u0413\u043e\u0442\u043e\u0432 \u043a \u043f\u0440\u0438\u043a\u043b\u044e\u0447\u0435\u043d\u0438\u044f\u043c \u043d\u0430 \u0432\u043e\u0434\u0435? Piestatne.lv \u043f\u0440\u0435\u0434\u043b\u0430\u0433\u0430\u0435\u0442 <strong data-start=\"1231\" data-end=\"1281\">\u0448\u0438\u0440\u043e\u043a\u0438\u0439 \u0432\u044b\u0431\u043e\u0440 \u0430\u0440\u0435\u043d\u0434\u044b \u0432\u043e\u0434\u043d\u043e\u0433\u043e \u0441\u043f\u043e\u0440\u0442\u0438\u0432\u043d\u043e\u0433\u043e \u0438\u043d\u0432\u0435\u043d\u0442\u0430\u0440\u044f \u043d\u0430 \u0414\u0430\u0443\u0433\u0430\u0432\u0435<\/strong>\u2013 \u043a\u0430\u043a \u0434\u043b\u044f \u0441\u043f\u043e\u043a\u043e\u0439\u043d\u043e\u0433\u043e \u043e\u0442\u0434\u044b\u0445\u0430, \u0442\u0430\u043a \u0438 \u0434\u043b\u044f \u044d\u043a\u0441\u0442\u0440\u0435\u043c\u0430\u043b\u044c\u043d\u044b\u0445 \u043c\u043e\u043c\u0435\u043d\u0442\u043e\u0432.<\/p><p data-start=\"1347\" data-end=\"1932\"><strong data-start=\"1353\" data-end=\"1369\">\u0410\u0440\u0435\u043d\u0434\u0430 SUP-\u0434\u043e\u0441\u043e\u043a<\/strong> \u2013 \u0438\u0434\u0435\u0430\u043b\u044c\u043d\u043e \u043f\u043e\u0434\u0445\u043e\u0434\u0438\u0442 \u043a\u0430\u043a \u0434\u043b\u044f \u043d\u043e\u0432\u0438\u0447\u043a\u043e\u0432, \u0442\u0430\u043a \u0438 \u0434\u043b\u044f \u043e\u043f\u044b\u0442\u043d\u044b\u0445 \u0433\u0440\u0435\u0431\u0446\u043e\u0432. \u0421\u043f\u043e\u043a\u043e\u0439\u043d\u043e\u0435 \u043a\u0430\u0442\u0430\u043d\u0438\u0435 \u0432\u0434\u043e\u043b\u044c \u0431\u0435\u0440\u0435\u0433\u043e\u0432 \u0414\u0430\u0443\u0433\u0430\u0432\u044b \u0434\u0430\u0440\u0438\u0442 \u0443\u043c\u0438\u0440\u043e\u0442\u0432\u043e\u0440\u0435\u043d\u0438\u0435 \u0438 \u0443\u0434\u043e\u0432\u043e\u043b\u044c\u0441\u0442\u0432\u0438\u0435.<br data-start=\"1501\" data-end=\"1504\" \/><strong data-start=\"1506\" data-end=\"1520\"><br \/>\u0410\u0440\u0435\u043d\u0434\u0430 E-foil<\/strong> \u2013 \u0438\u0441\u043f\u044b\u0442\u0430\u0439 \u043e\u0449\u0443\u0449\u0435\u043d\u0438\u0435 \u043f\u043e\u043b\u0451\u0442\u0430 \u043d\u0430\u0434 \u0432\u043e\u0434\u043e\u0439 \u043d\u0430 \u044d\u043b\u0435\u043a\u0442\u0440\u0438\u0447\u0435\u0441\u043a\u043e\u0439 foil-\u0434\u043e\u0441\u043a\u0435!<br data-start=\"1583\" data-end=\"1586\" \/><strong data-start=\"1589\" data-end=\"1607\"><br \/>\u0410\u0440\u0435\u043d\u0434\u0430 Wing foil<\/strong> \u2013 \u043d\u043e\u0432\u044b\u0439 \u0438 \u0437\u0430\u0445\u0432\u0430\u0442\u044b\u0432\u0430\u044e\u0449\u0438\u0439 \u0432\u0438\u0434 \u0441\u043f\u043e\u0440\u0442\u0430, \u0433\u0434\u0435 \u0432\u0435\u0442\u0435\u0440, \u0432\u043e\u0434\u0430 \u0438 \u0434\u043e\u0441\u043a\u0430 \u0441\u043e\u0435\u0434\u0438\u043d\u044f\u044e\u0442\u0441\u044f \u0432\u043e\u0435\u0434\u0438\u043d\u043e!<br data-start=\"1683\" data-end=\"1686\" \/><strong data-start=\"1689\" data-end=\"1713\"><br \/>\u0410\u0440\u0435\u043d\u0434\u0430 \u0433\u0438\u0434\u0440\u043e\u0446\u0438\u043a\u043b\u043e\u0432<\/strong> \u2013 \u043c\u043e\u0449\u043d\u043e\u0441\u0442\u044c, \u0441\u043a\u043e\u0440\u043e\u0441\u0442\u044c \u0438 \u0447\u0443\u0432\u0441\u0442\u0432\u043e \u0441\u0432\u043e\u0431\u043e\u0434\u044b \u0433\u0430\u0440\u0430\u043d\u0442\u0438\u0440\u043e\u0432\u0430\u043d\u044b. \u0418\u0434\u0435\u0430\u043b\u044c\u043d\u043e \u0434\u043b\u044f \u0442\u0435\u0445, \u043a\u0442\u043e \u0436\u0430\u0436\u0434\u0435\u0442 \u0430\u0434\u0440\u0435\u043d\u0430\u043b\u0438\u043d\u0430.<br data-start=\"1804\" data-end=\"1807\" \/><strong data-start=\"1811\" data-end=\"1844\"><br \/>\u0410\u0440\u0435\u043d\u0434\u0430 \u043c\u043e\u0442\u043e\u0440\u043d\u043e\u0439 \u043b\u043e\u0434\u043a\u0438 \u0441 wakeboard<\/strong> \u2013 \u043f\u043e\u043b\u043d\u044b\u0439 \u043a\u043e\u043c\u043f\u043b\u0435\u043a\u0442 \u0434\u043b\u044f \u0430\u043a\u0442\u0438\u0432\u043d\u044b\u0445 \u0440\u0430\u0437\u0432\u043b\u0435\u0447\u0435\u043d\u0438\u0439 \u043d\u0430 \u0432\u043e\u0434\u0435. \u041a\u0430\u0442\u0430\u043d\u0438\u0435 \u0441 \u0431\u0443\u043a\u0441\u0438\u0440\u043e\u0432\u043a\u043e\u0439 \u043f\u043e\u0434\u0430\u0440\u0438\u0442 \u043d\u0435\u0437\u0430\u0431\u044b\u0432\u0430\u0435\u043c\u044b\u0435 \u0432\u043f\u0435\u0447\u0430\u0442\u043b\u0435\u043d\u0438\u044f!<\/p><p data-start=\"1934\" data-end=\"2079\">\u0412\u0435\u0441\u044c \u0438\u043d\u0432\u0435\u043d\u0442\u0430\u0440\u044c \u043c\u043e\u0436\u043d\u043e \u043b\u0435\u0433\u043a\u043e <strong data-start=\"1958\" data-end=\"1977\">\u0430\u0440\u0435\u043d\u0434\u043e\u0432\u0430\u0442\u044c \u043d\u0430 \u043c\u0435\u0441\u0442\u0435<\/strong> \u0438\u043b\u0438 \u0437\u0430\u0431\u0440\u043e\u043d\u0438\u0440\u043e\u0432\u0430\u0442\u044c \u0437\u0430\u0440\u0430\u043d\u0435\u0435. \u0411\u0435\u0437\u043e\u043f\u0430\u0441\u043d\u043e\u0441\u0442\u044c, \u043a\u0430\u0447\u0435\u0441\u0442\u0432\u043e \u0438 \u043f\u043e\u0437\u0438\u0442\u0438\u0432\u043d\u044b\u0435 \u044d\u043c\u043e\u0446\u0438\u0438 \u2013 \u0432\u0441\u0451 \u044d\u0442\u043e \u0436\u0434\u0451\u0442 \u0442\u0435\u0431\u044f \u043d\u0430 piestatne.lv.<\/p>\t\t\t\t\t\t\t\t<\/div>\n\t\t\t\t<\/div>\n\t\t\t\t\t<\/div>\n\t\t<\/div>\n\t\t\t\t\t<\/div>\n\t\t<\/section>\n\t\t<div class=\"elementor-element elementor-element-8351d3e e-flex e-con-boxed wpr-particle-no wpr-jarallax-no wpr-parallax-no wpr-sticky-section-no e-con e-parent\" data-id=\"8351d3e\" data-element_type=\"container\">\n\t\t\t\t\t<div class=\"e-con-inner\">\n\t\t\t\t<div class=\"elementor-element elementor-element-8bd51b6 elementor-widget elementor-widget-shortcode\" data-id=\"8bd51b6\" data-element_type=\"widget\" data-widget_type=\"shortcode.default\">\n\t\t\t\t<div class=\"elementor-widget-container\">\n\t\t\t\t\t\t\t<div class=\"elementor-shortcode\"><div class=\"latepoint-book-form-wrapper os-loading os_init_booking_form\" id=\"latepointBookForm_69e26a9f921c2\" >\n\t\t\t\t\t\t<div class=\"latepoint-w latepoint-inline-form latepoint-show-side-panel\">\n\t\t\t\t\t\t\t<div class=\"latepoint-booking-form-element\">\n\t\t\t\t\t\t\t\t<div class=\"latepoint-side-panel\"><\/div>\n\t\t\t\t\t\t\t\t<div class=\"latepoint-form-w\"><\/div>\n\t\t\t\t\t\t\t<\/div>\n\t\t\t\t\t\t<\/div>\n\t\t\t\t\t<\/div><\/div>\n\t\t\t\t\t\t<\/div>\n\t\t\t\t<\/div>\n\t\t\t\t\t<\/div>\n\t\t\t\t<\/div>\n\t\t\t\t<\/div>","protected":false},"excerpt":{"rendered":"<p>Noma \u2013 \u016bdens sporta invent\u0101rs Daugav\u0101 Vai esi gatavs piedz\u012bvojumam uz \u016bdens? Piestatne.lv pied\u0101v\u0101 pla\u0161u \u016bdens sporta invent\u0101ra nomu pie Daugavas, kas piem\u0113rota gan mier\u012bgai izklaidei, gan ekstr\u0113miem mirk\u013ciem. SUP d\u0113\u013cu \u012bre \u2013 ide\u0101li piem\u0113rota gan ies\u0101c\u0113jiem, gan pieredz\u0113ju\u0161iem air\u0113t\u0101jiem. Nesteidz\u012bga brauk\u0161ana pa Daugavas krastiem sniedz mieru un baudu.E-foil \u012bre \u2013 piedz\u012bvo lidojuma saj\u016btu virs \u016bdens ar elektrisko foil d\u0113li!Wing foil noma \u2013 jauns un aizraujo\u0161s sporta veids, kur saj\u016bgts v\u0113j\u0161, \u016bdens un d\u0113lis vien\u0101!\u016adens motociklu noma \u2013 jauda, \u0101trums un br\u012bv\u012bbas saj\u016bta garant\u0113ta. Ide\u0101li piem\u0113rots tiem, kas alkst adrenal\u012bna.Motorlaivas noma ar wakeboard \u2013 pilns apr\u012bkojums akt\u012bvai izklaidei uz \u016bdens. Brauciens ar vilk\u0161anu b\u016bs neaizmirstams! Visu invent\u0101ru var \u0113rti nom\u0101t uz vietas vai iepriek\u0161 rezerv\u0113t. Dro\u0161\u012bba, kvalit\u0101te un pozit\u012bvas emocijas \u2013 tas viss Tevi sagaida piestatne.lv.<\/p>","protected":false},"author":1,"featured_media":0,"parent":0,"menu_order":0,"comment_status":"closed","ping_status":"closed","template":"elementor_canvas","meta":{"_joinchat":[],"footnotes":""},"class_list":["post-975","page","type-page","status-publish","hentry"],"_links":{"self":[{"href":"https:\/\/piestatne.lv\/ru\/wp-json\/wp\/v2\/pages\/975","targetHints":{"allow":["GET"]}}],"collection":[{"href":"https:\/\/piestatne.lv\/ru\/wp-json\/wp\/v2\/pages"}],"about":[{"href":"https:\/\/piestatne.lv\/ru\/wp-json\/wp\/v2\/types\/page"}],"author":[{"embeddable":true,"href":"https:\/\/piestatne.lv\/ru\/wp-json\/wp\/v2\/users\/1"}],"replies":[{"embeddable":true,"href":"https:\/\/piestatne.lv\/ru\/wp-json\/wp\/v2\/comments?post=975"}],"version-history":[{"count":13,"href":"https:\/\/piestatne.lv\/ru\/wp-json\/wp\/v2\/pages\/975\/revisions"}],"predecessor-version":[{"id":1143,"href":"https:\/\/piestatne.lv\/ru\/wp-json\/wp\/v2\/pages\/975\/revisions\/1143"}],"wp:attachment":[{"href":"https:\/\/piestatne.lv\/ru\/wp-json\/wp\/v2\/media?parent=975"}],"curies":[{"name":"wp","href":"https:\/\/api.w.org\/{rel}","templated":true}]}}